{"id":3250,"date":"2022-10-18T17:36:13","date_gmt":"2022-10-18T17:36:13","guid":{"rendered":"https:\/\/thesmallprojects.org\/?page_id=3250"},"modified":"2022-11-10T13:25:54","modified_gmt":"2022-11-10T13:25:54","slug":"newsletter","status":"publish","type":"page","link":"https:\/\/thesmallprojects.org\/en\/newsletter\/","title":{"rendered":"Receive our newsletter"},"content":{"rendered":"<div data-elementor-type=\"wp-page\" data-elementor-id=\"3250\" class=\"elementor elementor-3250\" data-elementor-post-type=\"page\">\n\t\t\t\t\t\t<section class=\"elementor-section elementor-top-section elementor-element elementor-element-de0a9c2 elementor-section-boxed elementor-section-height-default elementor-section-height-default\" data-id=\"de0a9c2\" data-element_type=\"section\" data-e-type=\"section\">\n\t\t\t\t\t\t<div class=\"elementor-container elementor-column-gap-default\">\n\t\t\t\t\t<div class=\"elementor-column elementor-col-100 elementor-top-column elementor-element elementor-element-7fea9dc\" data-id=\"7fea9dc\" data-element_type=\"column\" data-e-type=\"column\">\n\t\t\t<div class=\"elementor-widget-wrap elementor-element-populated\">\n\t\t\t\t\t\t<div class=\"elementor-element elementor-element-f79d1aa elementor-widget elementor-widget-html\" data-id=\"f79d1aa\" data-element_type=\"widget\" data-e-type=\"widget\" data-widget_type=\"html.default\">\n\t\t\t\t<div class=\"elementor-widget-container\">\n\t\t\t\t\t<!-- Begin Sendinblue Form -->\n<!-- START - We recommend to place the below code in head tag of your website html  -->\n<style>\n  @font-face {\n    font-display: block;\n    font-family: Roboto;\n    src: url(https:\/\/assets.sendinblue.com\/font\/Roboto\/Latin\/normal\/normal\/7529907e9eaf8ebb5220c5f9850e3811.woff2) format(\"woff2\"), url(https:\/\/assets.sendinblue.com\/font\/Roboto\/Latin\/normal\/normal\/25c678feafdc175a70922a116c9be3e7.woff) format(\"woff\")\n  }\n\n  @font-face {\n    font-display: fallback;\n    font-family: Roboto;\n    font-weight: 600;\n    src: url(https:\/\/assets.sendinblue.com\/font\/Roboto\/Latin\/medium\/normal\/6e9caeeafb1f3491be3e32744bc30440.woff2) format(\"woff2\"), url(https:\/\/assets.sendinblue.com\/font\/Roboto\/Latin\/medium\/normal\/71501f0d8d5aa95960f6475d5487d4c2.woff) format(\"woff\")\n  }\n\n  @font-face {\n    font-display: fallback;\n    font-family: Roboto;\n    font-weight: 700;\n    src: url(https:\/\/assets.sendinblue.com\/font\/Roboto\/Latin\/bold\/normal\/3ef7cf158f310cf752d5ad08cd0e7e60.woff2) format(\"woff2\"), url(https:\/\/assets.sendinblue.com\/font\/Roboto\/Latin\/bold\/normal\/ece3a1d82f18b60bcce0211725c476aa.woff) format(\"woff\")\n  }\n\n  #sib-container input:-ms-input-placeholder {\n    text-align: left;\n    font-family: \"Helvetica\", sans-serif;\n    color: #c0ccda;\n  }\n\n  #sib-container input::placeholder {\n    text-align: left;\n    font-family: \"Helvetica\", sans-serif;\n    color: #c0ccda;\n  }\n\n  #sib-container textarea::placeholder {\n    text-align: left;\n    font-family: \"Helvetica\", sans-serif;\n    color: #c0ccda;\n  }\n<\/style>\n<link rel=\"stylesheet\" href=\"https:\/\/sibforms.com\/forms\/end-form\/build\/sib-styles.css\">\n<!--  END - We recommend to place the above code in head tag of your website html -->\n\n<!-- START - We recommend to place the below code where you want the form in your website html  -->\n<div class=\"sib-form\" style=\"text-align: center;         background-color: #ffffff;                                 \">\n  <div id=\"sib-form-container\" class=\"sib-form-container\">\n    <div id=\"error-message\" class=\"sib-form-message-panel\" style=\"font-size:16px; text-align:left; font-family:&quot;Helvetica&quot;, sans-serif; color:#661d1d; background-color:#ffeded; border-radius:3px; border-color:#ff4949;max-width:540px;\">\n      <div class=\"sib-form-message-panel__text sib-form-message-panel__text--center\">\n        <svg viewbox=\"0 0 512 512\" class=\"sib-icon sib-notification__icon\">\n          <path d=\"M256 40c118.621 0 216 96.075 216 216 0 119.291-96.61 216-216 216-119.244 0-216-96.562-216-216 0-119.203 96.602-216 216-216m0-32C119.043 8 8 119.083 8 256c0 136.997 111.043 248 248 248s248-111.003 248-248C504 119.083 392.957 8 256 8zm-11.49 120h22.979c6.823 0 12.274 5.682 11.99 12.5l-7 168c-.268 6.428-5.556 11.5-11.99 11.5h-8.979c-6.433 0-11.722-5.073-11.99-11.5l-7-168c-.283-6.818 5.167-12.5 11.99-12.5zM256 340c-15.464 0-28 12.536-28 28s12.536 28 28 28 28-12.536 28-28-12.536-28-28-28z\" \/>\n        <\/svg>\n        <span class=\"sib-form-message-panel__inner-text\">\n                          An error has occurred, please try again.\n                      <\/span>\n      <\/div>\n    <\/div>\n    <div><\/div>\n    <div id=\"success-message\" class=\"sib-form-message-panel\" style=\"font-size:16px; text-align:left; font-family:&quot;Helvetica&quot;, sans-serif; color:#085229; background-color:#e7faf0; border-radius:3px; border-color:#13ce66;max-width:540px;\">\n      <div class=\"sib-form-message-panel__text sib-form-message-panel__text--center\">\n        <svg viewbox=\"0 0 512 512\" class=\"sib-icon sib-notification__icon\">\n          <path d=\"M256 8C119.033 8 8 119.033 8 256s111.033 248 248 248 248-111.033 248-248S392.967 8 256 8zm0 464c-118.664 0-216-96.055-216-216 0-118.663 96.055-216 216-216 118.664 0 216 96.055 216 216 0 118.663-96.055 216-216 216zm141.63-274.961L217.15 376.071c-4.705 4.667-12.303 4.637-16.97-.068l-85.878-86.572c-4.667-4.705-4.637-12.303.068-16.97l8.52-8.451c4.705-4.667 12.303-4.637 16.97.068l68.976 69.533 163.441-162.13c4.705-4.667 12.303-4.637 16.97.068l8.451 8.52c4.668 4.705 4.637 12.303-.068 16.97z\" \/>\n        <\/svg>\n        <span class=\"sib-form-message-panel__inner-text\">\n                          Your subscription has been validated.\n                      <\/span>\n      <\/div>\n    <\/div>\n    <div><\/div>\n    <div id=\"sib-container\" class=\"sib-container--large sib-container--vertical\" style=\"text-align:center; background-color:rgba(242,242,242,1); max-width:540px; border-radius:3px; border-width:1px; border-color:#C0CCD9; border-style:solid;\">\n      <form id=\"sib-form\" method=\"POST\" action=\"https:\/\/91b05f26.sibforms.com\/serve\/MUIEALN43d1BqQdm8GIFW4t0z1aIeXWnk4E1fOVnYtmQ_-9vAlG98jIySNK93R2OZVjxO9RNUsfHa9Ei54ihSq1u5hNlEHYphJ6rRYHiiLFckvcnH3W6WaSeHQHLVDMaS_6oECEOyiDZ7WVEg4eKXJ5r-Bb8EjLjwdEbnyfo1I_y5r6d9U9KYrFgkGlCZXZD5XuP7aGYV3mK9zYj\" data-type=\"subscription\">\n        <div style=\"padding: 8px 0;\">\n          <div class=\"sib-form-block\" style=\"font-size:24px; text-align:center; font-weight:700; font-family:&quot;Helvetica&quot;, sans-serif; color:#333333; background-color:transparent;\">\n            <p>Follow the news of our projects<\/p>\n          <\/div>\n        <\/div>\n        <div style=\"padding: 8px 0;\">\n          <div class=\"sib-form-block\" style=\"font-size:12px; text-align:center; font-family:&quot;Helvetica&quot;, sans-serif; color:#3f3f3f; background-color:transparent;\">\n            <div class=\"sib-text-form-block\">\n              <p>Stay in touch by subscribing to our periodic newsletter.<\/p>\n            <\/div>\n          <\/div>\n        <\/div>\n        <div style=\"padding: 8px 0;\">\n          <div class=\"sib-input sib-form-block\">\n            <div class=\"form__entry entry_block\">\n              <div class=\"form__label-row\">\n\n                <div class=\"entry__field\">\n                  <input class=\"input\" maxlength=\"200\" type=\"text\" id=\"FULLNAME\" name=\"FULLNAME\" autocomplete=\"off\" placeholder=\"Your name\" data-required=\"true\" required \/>\n                <\/div>\n              <\/div>\n\n              <label class=\"entry__error entry__error--primary\" style=\"font-size:16px; text-align:left; font-family:&quot;Helvetica&quot;, sans-serif; color:#661d1d; background-color:#ffeded; border-radius:3px; border-color:#ff4949;\">\n              <\/label>\n            <\/div>\n          <\/div>\n        <\/div>\n        <div style=\"padding: 8px 0;\">\n          <div class=\"sib-input sib-form-block\">\n            <div class=\"form__entry entry_block\">\n              <div class=\"form__label-row\">\n\n                <div class=\"entry__field\">\n                  <input class=\"input\" type=\"text\" id=\"EMAIL\" name=\"EMAIL\" autocomplete=\"off\" placeholder=\"Your e-mail address\" data-required=\"true\" required \/>\n                <\/div>\n              <\/div>\n\n              <label class=\"entry__error entry__error--primary\" style=\"font-size:16px; text-align:left; font-family:&quot;Helvetica&quot;, sans-serif; color:#661d1d; background-color:#ffeded; border-radius:3px; border-color:#ff4949;\">\n              <\/label>\n            <\/div>\n          <\/div>\n        <\/div>\n        <div style=\"padding: 8px 0;\">\n          <div class=\"sib-optin sib-form-block\">\n            <div class=\"form__entry entry_mcq\">\n              <div class=\"form__label-row\">\n                <div class=\"entry__choice\">\n                  <label>\n                    <input type=\"checkbox\" class=\"input_replaced\" value=\"1\" id=\"OPT_IN\" name=\"OPT_IN\" \/>\n                    <span class=\"checkbox checkbox_tick_positive\"><\/span><span style=\"font-size:13px; text-align:left; font-family:&quot;Helvetica&quot;, sans-serif; color:#333333; background-color:transparent;\"><p>I agree to receive your newsletters.<\/p><\/span> <\/label>\n                <\/div>\n              <\/div>\n              <label class=\"entry__error entry__error--primary\" style=\"font-size:16px; text-align:left; font-family:&quot;Helvetica&quot;, sans-serif; color:#661d1d; background-color:#ffeded; border-radius:3px; border-color:#ff4949;\">\n              <\/label>\n              <label class=\"entry__specification\" style=\"font-size:12px; text-align:left; font-family:&quot;Helvetica&quot;, sans-serif; color:#8390A4;\">\n                Your data will not be shared with anyone, and you can unsubscribe at any time.\n              <\/label>\n            <\/div>\n          <\/div>\n        <\/div>\n        <div style=\"padding: 8px 0;\">\n          <div class=\"sib-form-block\" style=\"text-align: center\">\n            <button class=\"sib-form-block__button sib-form-block__button-with-loader\" style=\"font-size:14px; text-align:center; font-weight:700; font-family:&quot;Helvetica&quot;, sans-serif; color:#FFFFFF; background-color:#ff5528; border-radius:20px; border-width:0px;\" form=\"sib-form\" type=\"submit\">\n              <svg class=\"icon clickable__icon progress-indicator__icon sib-hide-loader-icon\" viewbox=\"0 0 512 512\">\n                <path d=\"M460.116 373.846l-20.823-12.022c-5.541-3.199-7.54-10.159-4.663-15.874 30.137-59.886 28.343-131.652-5.386-189.946-33.641-58.394-94.896-95.833-161.827-99.676C261.028 55.961 256 50.751 256 44.352V20.309c0-6.904 5.808-12.337 12.703-11.982 83.556 4.306 160.163 50.864 202.11 123.677 42.063 72.696 44.079 162.316 6.031 236.832-3.14 6.148-10.75 8.461-16.728 5.01z\" \/>\n              <\/svg>\n              SUBSCRIPTION\n            <\/button>\n          <\/div>\n        <\/div>\n\n        <input type=\"text\" name=\"email_address_check\" value=\"\" class=\"input--hidden\">\n        <input type=\"hidden\" name=\"locale\" value=\"en\">\n      <\/form>\n    <\/div>\n  <\/div>\n<\/div>\n<!-- END - We recommend to place the below code where you want the form in your website html  -->\n\n<!-- START - We recommend to place the below code in footer or bottom of your website html  -->\n<script>\n  window.REQUIRED_CODE_ERROR_MESSAGE = 'Please choose a country code';\n  window.LOCALE = 'en';\n  window.EMAIL_INVALID_MESSAGE = window.SMS_INVALID_MESSAGE = \"The information provided is invalid. Please review the field format and try again.\";\n\n  window.REQUIRED_ERROR_MESSAGE = \"Required Field. \";\n\n  window.GENERIC_INVALID_MESSAGE = \"The information provided is invalid. Please review the field format and try again.\";\n\n\n\n\n  window.translation = {\n    common: {\n      selectedList: '{quantity} list selected',\n      selectedLists: '{quantity} lists selected'\n    }\n  };\n\n  var AUTOHIDE = Boolean(0);\n<\/script>\n<script defer src=\"https:\/\/sibforms.com\/forms\/end-form\/build\/main.js\"><\/script>\n\n\n<!-- END - We recommend to place the above code in footer or bottom of your website html  -->\n<!-- End Sendinblue Form -->\t\t\t\t<\/div>\n\t\t\t\t<\/div>\n\t\t\t\t\t<\/div>\n\t\t<\/div>\n\t\t\t\t\t<\/div>\n\t\t<\/section>\n\t\t\t\t<\/div>","protected":false},"excerpt":{"rendered":"<p>Une erreur est intervenue, veuillez r\u00e9essayer. Inscription valid\u00e9e Suivez l&#8217;actualit\u00e9 de nos projets Restez en contact en vous inscrivant \u00e0 notre lettre d&#8217;information p\u00e9riodique. J&#8217;accepte de recevoir vos newsletters. Vos donn\u00e9es ne seront partag\u00e9es avec personne, et vous pourrez vous d\u00e9sabonner \u00e0 tout instant. INSCRIPTION An error has occured, please try again. Your subscription has [&hellip;]<\/p>\n","protected":false},"author":1,"featured_media":0,"parent":0,"menu_order":0,"comment_status":"closed","ping_status":"closed","template":"elementor_header_footer","meta":{"footnotes":""},"class_list":["post-3250","page","type-page","status-publish","hentry"],"yoast_head":"<!-- This site is optimized with the Yoast SEO plugin v27.4 - https:\/\/yoast.com\/product\/yoast-seo-wordpress\/ -->\n<title>Recevez notre newsletter - The Small Projects Team<\/title>\n<meta name=\"robots\" content=\"index, follow, max-snippet:-1, max-image-preview:large, max-video-preview:-1\" \/>\n<link rel=\"canonical\" href=\"https:\/\/thesmallprojects.org\/en\/newsletter\/\" \/>\n<meta property=\"og:locale\" content=\"en_GB\" \/>\n<meta property=\"og:type\" content=\"article\" \/>\n<meta property=\"og:title\" content=\"Recevez notre newsletter - The Small Projects Team\" \/>\n<meta property=\"og:description\" content=\"Une erreur est intervenue, veuillez r\u00e9essayer. Inscription valid\u00e9e Suivez l&#8217;actualit\u00e9 de nos projets Restez en contact en vous inscrivant \u00e0 notre lettre d&#8217;information p\u00e9riodique. J&#8217;accepte de recevoir vos newsletters. Vos donn\u00e9es ne seront partag\u00e9es avec personne, et vous pourrez vous d\u00e9sabonner \u00e0 tout instant. INSCRIPTION An error has occured, please try again. Your subscription has [&hellip;]\" \/>\n<meta property=\"og:url\" content=\"https:\/\/thesmallprojects.org\/en\/newsletter\/\" \/>\n<meta property=\"og:site_name\" content=\"The Small Projects Team\" \/>\n<meta property=\"article:modified_time\" content=\"2022-11-10T13:25:54+00:00\" \/>\n<meta property=\"og:image\" content=\"https:\/\/thesmallprojects.org\/wp-content\/uploads\/2023\/05\/NEW-Logo-haute-def-baseline-copie.png\" \/>\n\t<meta property=\"og:image:width\" content=\"1000\" \/>\n\t<meta property=\"og:image:height\" content=\"549\" \/>\n\t<meta property=\"og:image:type\" content=\"image\/png\" \/>\n<meta name=\"twitter:card\" content=\"summary_large_image\" \/>\n<meta name=\"twitter:label1\" content=\"Estimated reading time\" \/>\n\t<meta name=\"twitter:data1\" content=\"2 minutes\" \/>\n<script type=\"application\/ld+json\" class=\"yoast-schema-graph\">{\"@context\":\"https:\\\/\\\/schema.org\",\"@graph\":[{\"@type\":\"WebPage\",\"@id\":\"https:\\\/\\\/thesmallprojects.org\\\/newsletter\\\/\",\"url\":\"https:\\\/\\\/thesmallprojects.org\\\/newsletter\\\/\",\"name\":\"Recevez notre newsletter - The Small Projects Team\",\"isPartOf\":{\"@id\":\"https:\\\/\\\/thesmallprojects.org\\\/#website\"},\"datePublished\":\"2022-10-18T17:36:13+00:00\",\"dateModified\":\"2022-11-10T13:25:54+00:00\",\"breadcrumb\":{\"@id\":\"https:\\\/\\\/thesmallprojects.org\\\/newsletter\\\/#breadcrumb\"},\"inLanguage\":\"en-GB\",\"potentialAction\":[{\"@type\":\"ReadAction\",\"target\":[\"https:\\\/\\\/thesmallprojects.org\\\/newsletter\\\/\"]}]},{\"@type\":\"BreadcrumbList\",\"@id\":\"https:\\\/\\\/thesmallprojects.org\\\/newsletter\\\/#breadcrumb\",\"itemListElement\":[{\"@type\":\"ListItem\",\"position\":1,\"name\":\"Accueil\",\"item\":\"https:\\\/\\\/thesmallprojects.org\\\/\"},{\"@type\":\"ListItem\",\"position\":2,\"name\":\"Recevez notre newsletter\"}]},{\"@type\":\"WebSite\",\"@id\":\"https:\\\/\\\/thesmallprojects.org\\\/#website\",\"url\":\"https:\\\/\\\/thesmallprojects.org\\\/\",\"name\":\"The Small Projects Team\",\"description\":\"MIcro-Humanitarian impact\",\"publisher\":{\"@id\":\"https:\\\/\\\/thesmallprojects.org\\\/#organization\"},\"potentialAction\":[{\"@type\":\"SearchAction\",\"target\":{\"@type\":\"EntryPoint\",\"urlTemplate\":\"https:\\\/\\\/thesmallprojects.org\\\/?s={search_term_string}\"},\"query-input\":{\"@type\":\"PropertyValueSpecification\",\"valueRequired\":true,\"valueName\":\"search_term_string\"}}],\"inLanguage\":\"en-GB\"},{\"@type\":\"Organization\",\"@id\":\"https:\\\/\\\/thesmallprojects.org\\\/#organization\",\"name\":\"The Small Projects Team\",\"url\":\"https:\\\/\\\/thesmallprojects.org\\\/\",\"logo\":{\"@type\":\"ImageObject\",\"inLanguage\":\"en-GB\",\"@id\":\"https:\\\/\\\/thesmallprojects.org\\\/#\\\/schema\\\/logo\\\/image\\\/\",\"url\":\"https:\\\/\\\/thesmallprojects.org\\\/wp-content\\\/uploads\\\/2022\\\/02\\\/Logo-small.gif\",\"contentUrl\":\"https:\\\/\\\/thesmallprojects.org\\\/wp-content\\\/uploads\\\/2022\\\/02\\\/Logo-small.gif\",\"width\":411,\"height\":198,\"caption\":\"The Small Projects Team\"},\"image\":{\"@id\":\"https:\\\/\\\/thesmallprojects.org\\\/#\\\/schema\\\/logo\\\/image\\\/\"}}]}<\/script>\n<!-- \/ Yoast SEO plugin. -->","yoast_head_json":{"title":"Subscribe to our newsletter - The Small Projects Team","robots":{"index":"index","follow":"follow","max-snippet":"max-snippet:-1","max-image-preview":"max-image-preview:large","max-video-preview":"max-video-preview:-1"},"canonical":"https:\/\/thesmallprojects.org\/en\/newsletter\/","og_locale":"en_GB","og_type":"article","og_title":"Recevez notre newsletter - The Small Projects Team","og_description":"Une erreur est intervenue, veuillez r\u00e9essayer. Inscription valid\u00e9e Suivez l&#8217;actualit\u00e9 de nos projets Restez en contact en vous inscrivant \u00e0 notre lettre d&#8217;information p\u00e9riodique. J&#8217;accepte de recevoir vos newsletters. Vos donn\u00e9es ne seront partag\u00e9es avec personne, et vous pourrez vous d\u00e9sabonner \u00e0 tout instant. INSCRIPTION An error has occured, please try again. Your subscription has [&hellip;]","og_url":"https:\/\/thesmallprojects.org\/en\/newsletter\/","og_site_name":"The Small Projects Team","article_modified_time":"2022-11-10T13:25:54+00:00","og_image":[{"width":1000,"height":549,"url":"https:\/\/thesmallprojects.org\/wp-content\/uploads\/2023\/05\/NEW-Logo-haute-def-baseline-copie.png","type":"image\/png"}],"twitter_card":"summary_large_image","twitter_misc":{"Estimated reading time":"2 minutes"},"schema":{"@context":"https:\/\/schema.org","@graph":[{"@type":"WebPage","@id":"https:\/\/thesmallprojects.org\/newsletter\/","url":"https:\/\/thesmallprojects.org\/newsletter\/","name":"Subscribe to our newsletter - The Small Projects Team","isPartOf":{"@id":"https:\/\/thesmallprojects.org\/#website"},"datePublished":"2022-10-18T17:36:13+00:00","dateModified":"2022-11-10T13:25:54+00:00","breadcrumb":{"@id":"https:\/\/thesmallprojects.org\/newsletter\/#breadcrumb"},"inLanguage":"en-GB","potentialAction":[{"@type":"ReadAction","target":["https:\/\/thesmallprojects.org\/newsletter\/"]}]},{"@type":"BreadcrumbList","@id":"https:\/\/thesmallprojects.org\/newsletter\/#breadcrumb","itemListElement":[{"@type":"ListItem","position":1,"name":"Accueil","item":"https:\/\/thesmallprojects.org\/"},{"@type":"ListItem","position":2,"name":"Recevez notre newsletter"}]},{"@type":"WebSite","@id":"https:\/\/thesmallprojects.org\/#website","url":"https:\/\/thesmallprojects.org\/","name":"The Small Projects Team","description":"MIcro-Humanitarian impact","publisher":{"@id":"https:\/\/thesmallprojects.org\/#organization"},"potentialAction":[{"@type":"SearchAction","target":{"@type":"EntryPoint","urlTemplate":"https:\/\/thesmallprojects.org\/?s={search_term_string}"},"query-input":{"@type":"PropertyValueSpecification","valueRequired":true,"valueName":"search_term_string"}}],"inLanguage":"en-GB"},{"@type":"Organization","@id":"https:\/\/thesmallprojects.org\/#organization","name":"The Small Projects Team","url":"https:\/\/thesmallprojects.org\/","logo":{"@type":"ImageObject","inLanguage":"en-GB","@id":"https:\/\/thesmallprojects.org\/#\/schema\/logo\/image\/","url":"https:\/\/thesmallprojects.org\/wp-content\/uploads\/2022\/02\/Logo-small.gif","contentUrl":"https:\/\/thesmallprojects.org\/wp-content\/uploads\/2022\/02\/Logo-small.gif","width":411,"height":198,"caption":"The Small Projects Team"},"image":{"@id":"https:\/\/thesmallprojects.org\/#\/schema\/logo\/image\/"}}]}},"rttpg_featured_image_url":null,"rttpg_author":{"display_name":"The Small Projects Team","author_link":"https:\/\/thesmallprojects.org\/en\/author\/charles_tspf-org\/"},"rttpg_comment":0,"rttpg_category":null,"rttpg_excerpt":"Une erreur est intervenue, veuillez r\u00e9essayer. Inscription valid\u00e9e Suivez l&#8217;actualit\u00e9 de nos projets Restez en contact en vous inscrivant \u00e0 notre lettre d&#8217;information p\u00e9riodique. J&#8217;accepte de recevoir vos newsletters. Vos donn\u00e9es ne seront partag\u00e9es avec personne, et vous pourrez vous d\u00e9sabonner \u00e0 tout instant. INSCRIPTION An error has occured, please try again. Your subscription has&hellip;","_links":{"self":[{"href":"https:\/\/thesmallprojects.org\/en\/wp-json\/wp\/v2\/pages\/3250","targetHints":{"allow":["GET"]}}],"collection":[{"href":"https:\/\/thesmallprojects.org\/en\/wp-json\/wp\/v2\/pages"}],"about":[{"href":"https:\/\/thesmallprojects.org\/en\/wp-json\/wp\/v2\/types\/page"}],"author":[{"embeddable":true,"href":"https:\/\/thesmallprojects.org\/en\/wp-json\/wp\/v2\/users\/1"}],"replies":[{"embeddable":true,"href":"https:\/\/thesmallprojects.org\/en\/wp-json\/wp\/v2\/comments?post=3250"}],"version-history":[{"count":0,"href":"https:\/\/thesmallprojects.org\/en\/wp-json\/wp\/v2\/pages\/3250\/revisions"}],"wp:attachment":[{"href":"https:\/\/thesmallprojects.org\/en\/wp-json\/wp\/v2\/media?parent=3250"}],"curies":[{"name":"wp","href":"https:\/\/api.w.org\/{rel}","templated":true}]}}