{"id":5533,"date":"2023-04-27T22:47:47","date_gmt":"2023-04-27T22:47:47","guid":{"rendered":"https:\/\/thesmallprojects.org\/?page_id=5533"},"modified":"2023-05-04T14:23:33","modified_gmt":"2023-05-04T14:23:33","slug":"garages","status":"publish","type":"page","link":"https:\/\/thesmallprojects.org\/en\/garages\/","title":{"rendered":"Resources for drivers in Ukraine"},"content":{"rendered":"<div data-elementor-type=\"wp-page\" data-elementor-id=\"5533\" class=\"elementor elementor-5533\" data-elementor-post-type=\"page\">\n\t\t\t\t\t\t<section class=\"elementor-section elementor-top-section elementor-element elementor-element-d8229a3 elementor-section-boxed elementor-section-height-default elementor-section-height-default\" data-id=\"d8229a3\" data-element_type=\"section\" data-e-type=\"section\">\n\t\t\t\t\t\t<div class=\"elementor-container elementor-column-gap-default\">\n\t\t\t\t\t<div class=\"elementor-column elementor-col-100 elementor-top-column elementor-element elementor-element-0dcb520\" data-id=\"0dcb520\" data-element_type=\"column\" data-e-type=\"column\">\n\t\t\t<div class=\"elementor-widget-wrap elementor-element-populated\">\n\t\t\t\t\t\t<div class=\"elementor-element elementor-element-9ce613c elementor-widget elementor-widget-shortcode\" data-id=\"9ce613c\" data-element_type=\"widget\" data-e-type=\"widget\" data-widget_type=\"shortcode.default\">\n\t\t\t\t<div class=\"elementor-widget-container\">\n\t\t\t\t\t\t\t<div class=\"elementor-shortcode\"><center><a href=\"https:\/\/wa.me\/380673185041\" target=\"_blank\" rel=\"noopener\"><span class=\"avia-menu-text\"><img decoding=\"async\" src=\"https:\/\/thesmallprojects.org\/wp-content\/uploads\/2023\/04\/whatsapp-large.png\" alt=\"\" width=\"30\" height=\"30\" class=\"alignnone size-full wp-image-1743 lazyloaded\" data-ll-status=\"loaded\"><br>Click here to suggest an address<\/span><\/a><\/center><\/div>\n\t\t\t\t\t\t<\/div>\n\t\t\t\t<\/div>\n\t\t\t\t<div class=\"elementor-element elementor-element-b4b59cc elementor-widget elementor-widget-text-editor\" data-id=\"b4b59cc\" data-element_type=\"widget\" data-e-type=\"widget\" data-widget_type=\"text-editor.default\">\n\t\t\t\t<div class=\"elementor-widget-container\">\n\t\t\t\t\t\t\t\t\t<p>IMPORTANT: For security reasons, the locations shown for garages in Ukraine are NOT the exact addresses, but they do indicate the area. Please contact the garages directly for their addresses.\u00a0<span style=\"color: var( --e-global-color-text ); font-family: var( --e-global-typography-text-font-family ), Sans-serif;\">Contact +380 67 318 5041 on WhatsApp to suggest new garages to add to the map.<\/span><\/p>\t\t\t\t\t\t\t\t<\/div>\n\t\t\t\t<\/div>\n\t\t\t\t<div class=\"elementor-element elementor-element-9389135 elementor-widget elementor-widget-shortcode\" data-id=\"9389135\" data-element_type=\"widget\" data-e-type=\"widget\" data-widget_type=\"shortcode.default\">\n\t\t\t\t<div class=\"elementor-widget-container\">\n\t\t\t\t\t\t\t<div class=\"elementor-shortcode\"><iframe src=\"https:\/\/www.google.com\/maps\/d\/u\/0\/embed?mid=1kQVDxKDaBTB9w0Z11bG_cfkKVNPoTuI&ehbc=2E312F\" width=\"640\" height=\"480\"><\/iframe><\/div>\n\t\t\t\t\t\t<\/div>\n\t\t\t\t<\/div>\n\t\t\t\t\t<\/div>\n\t\t<\/div>\n\t\t\t\t\t<\/div>\n\t\t<\/section>\n\t\t\t\t<section class=\"elementor-section elementor-top-section elementor-element elementor-element-12a4a50 elementor-section-boxed elementor-section-height-default elementor-section-height-default\" data-id=\"12a4a50\" data-element_type=\"section\" data-e-type=\"section\">\n\t\t\t\t\t\t<div class=\"elementor-container elementor-column-gap-default\">\n\t\t\t\t\t<div class=\"elementor-column elementor-col-100 elementor-top-column elementor-element elementor-element-8f2fb92\" data-id=\"8f2fb92\" data-element_type=\"column\" data-e-type=\"column\">\n\t\t\t<div class=\"elementor-widget-wrap elementor-element-populated\">\n\t\t\t\t\t\t<div class=\"elementor-element elementor-element-859fe82 elementor-share-buttons--view-icon elementor-share-buttons--shape-rounded elementor-share-buttons--skin-gradient elementor-grid-0 elementor-share-buttons--color-official elementor-widget elementor-widget-global elementor-global-5055 elementor-widget-share-buttons\" data-id=\"859fe82\" data-element_type=\"widget\" data-e-type=\"widget\" data-widget_type=\"share-buttons.default\">\n\t\t\t\t<div class=\"elementor-widget-container\">\n\t\t\t\t\t\t\t<div class=\"elementor-grid\" role=\"list\">\n\t\t\t\t\t\t\t\t<div class=\"elementor-grid-item\" role=\"listitem\">\n\t\t\t\t\t\t<div class=\"elementor-share-btn elementor-share-btn_facebook\" role=\"button\" tabindex=\"0\" aria-label=\"Share on facebook\">\n\t\t\t\t\t\t\t\t\t\t\t\t\t\t\t<span class=\"elementor-share-btn__icon\">\n\t\t\t\t\t\t\t\t<i class=\"fab fa-facebook\" aria-hidden=\"true\"><\/i>\t\t\t\t\t\t\t<\/span>\n\t\t\t\t\t\t\t\t\t\t\t\t\t\t\t\t\t\t\t\t<\/div>\n\t\t\t\t\t<\/div>\n\t\t\t\t\t\t\t\t\t<div class=\"elementor-grid-item\" role=\"listitem\">\n\t\t\t\t\t\t<div class=\"elementor-share-btn elementor-share-btn_twitter\" role=\"button\" tabindex=\"0\" aria-label=\"Share on twitter\">\n\t\t\t\t\t\t\t\t\t\t\t\t\t\t\t<span class=\"elementor-share-btn__icon\">\n\t\t\t\t\t\t\t\t<i class=\"fab fa-twitter\" aria-hidden=\"true\"><\/i>\t\t\t\t\t\t\t<\/span>\n\t\t\t\t\t\t\t\t\t\t\t\t\t\t\t\t\t\t\t\t<\/div>\n\t\t\t\t\t<\/div>\n\t\t\t\t\t\t\t\t\t<div class=\"elementor-grid-item\" role=\"listitem\">\n\t\t\t\t\t\t<div class=\"elementor-share-btn elementor-share-btn_linkedin\" role=\"button\" tabindex=\"0\" aria-label=\"Share on linkedin\">\n\t\t\t\t\t\t\t\t\t\t\t\t\t\t\t<span class=\"elementor-share-btn__icon\">\n\t\t\t\t\t\t\t\t<i class=\"fab fa-linkedin\" aria-hidden=\"true\"><\/i>\t\t\t\t\t\t\t<\/span>\n\t\t\t\t\t\t\t\t\t\t\t\t\t\t\t\t\t\t\t\t<\/div>\n\t\t\t\t\t<\/div>\n\t\t\t\t\t\t\t\t\t<div class=\"elementor-grid-item\" role=\"listitem\">\n\t\t\t\t\t\t<div class=\"elementor-share-btn elementor-share-btn_whatsapp\" role=\"button\" tabindex=\"0\" aria-label=\"Share on whatsapp\">\n\t\t\t\t\t\t\t\t\t\t\t\t\t\t\t<span class=\"elementor-share-btn__icon\">\n\t\t\t\t\t\t\t\t<i class=\"fab fa-whatsapp\" aria-hidden=\"true\"><\/i>\t\t\t\t\t\t\t<\/span>\n\t\t\t\t\t\t\t\t\t\t\t\t\t\t\t\t\t\t\t\t<\/div>\n\t\t\t\t\t<\/div>\n\t\t\t\t\t\t\t\t\t<div class=\"elementor-grid-item\" role=\"listitem\">\n\t\t\t\t\t\t<div class=\"elementor-share-btn elementor-share-btn_email\" role=\"button\" tabindex=\"0\" aria-label=\"Share on email\">\n\t\t\t\t\t\t\t\t\t\t\t\t\t\t\t<span class=\"elementor-share-btn__icon\">\n\t\t\t\t\t\t\t\t<i class=\"fas fa-envelope\" aria-hidden=\"true\"><\/i>\t\t\t\t\t\t\t<\/span>\n\t\t\t\t\t\t\t\t\t\t\t\t\t\t\t\t\t\t\t\t<\/div>\n\t\t\t\t\t<\/div>\n\t\t\t\t\t\t<\/div>\n\t\t\t\t\t\t<\/div>\n\t\t\t\t<\/div>\n\t\t\t\t\t<\/div>\n\t\t<\/div>\n\t\t\t\t\t<\/div>\n\t\t<\/section>\n\t\t\t\t<\/div>","protected":false},"excerpt":{"rendered":"<p>Cliquez ici pour proposer une adresse IMPORTANT : Pour des questions de s\u00e9curit\u00e9, les emplacements indiqu\u00e9s pour les garages en Ukraine NE SONT PAS les adresses exactes, mais ils en indiquent la zone. Veuillez contacter directement les garages pour obtenir leurs adresses.\u00a0Contactez +380 67 318 5041 sur WhatsApp pour proposer de nouveaux garages \u00e0 ajouter [&hellip;]<\/p>\n","protected":false},"author":1,"featured_media":0,"parent":0,"menu_order":0,"comment_status":"closed","ping_status":"closed","template":"elementor_header_footer","meta":{"footnotes":""},"class_list":["post-5533","page","type-page","status-publish","hentry"],"yoast_head":"<!-- This site is optimized with the Yoast SEO plugin v27.4 - https:\/\/yoast.com\/product\/yoast-seo-wordpress\/ -->\n<title>Ressources pour les chauffeurs en Ukraine - The Small Projects Team<\/title>\n<meta name=\"robots\" content=\"index, follow, max-snippet:-1, max-image-preview:large, max-video-preview:-1\" \/>\n<link rel=\"canonical\" href=\"https:\/\/thesmallprojects.org\/en\/garages\/\" \/>\n<meta property=\"og:locale\" content=\"en_GB\" \/>\n<meta property=\"og:type\" content=\"article\" \/>\n<meta property=\"og:title\" content=\"Ressources pour les chauffeurs en Ukraine - The Small Projects Team\" \/>\n<meta property=\"og:description\" content=\"Cliquez ici pour proposer une adresse IMPORTANT : Pour des questions de s\u00e9curit\u00e9, les emplacements indiqu\u00e9s pour les garages en Ukraine NE SONT PAS les adresses exactes, mais ils en indiquent la zone. Veuillez contacter directement les garages pour obtenir leurs adresses.\u00a0Contactez +380 67 318 5041 sur WhatsApp pour proposer de nouveaux garages \u00e0 ajouter [&hellip;]\" \/>\n<meta property=\"og:url\" content=\"https:\/\/thesmallprojects.org\/en\/garages\/\" \/>\n<meta property=\"og:site_name\" content=\"The Small Projects Team\" \/>\n<meta property=\"article:modified_time\" content=\"2023-05-04T14:23:33+00:00\" \/>\n<meta property=\"og:image\" content=\"https:\/\/thesmallprojects.org\/wp-content\/uploads\/2023\/04\/whatsapp-large.png\" \/>\n<meta name=\"twitter:card\" content=\"summary_large_image\" \/>\n<meta name=\"twitter:label1\" content=\"Estimated reading time\" \/>\n\t<meta name=\"twitter:data1\" content=\"1 minute\" \/>\n<script type=\"application\/ld+json\" class=\"yoast-schema-graph\">{\"@context\":\"https:\\\/\\\/schema.org\",\"@graph\":[{\"@type\":\"WebPage\",\"@id\":\"https:\\\/\\\/thesmallprojects.org\\\/garages\\\/\",\"url\":\"https:\\\/\\\/thesmallprojects.org\\\/garages\\\/\",\"name\":\"Ressources pour les chauffeurs en Ukraine - The Small Projects Team\",\"isPartOf\":{\"@id\":\"https:\\\/\\\/thesmallprojects.org\\\/#website\"},\"primaryImageOfPage\":{\"@id\":\"https:\\\/\\\/thesmallprojects.org\\\/garages\\\/#primaryimage\"},\"image\":{\"@id\":\"https:\\\/\\\/thesmallprojects.org\\\/garages\\\/#primaryimage\"},\"thumbnailUrl\":\"https:\\\/\\\/thesmallprojects.org\\\/wp-content\\\/uploads\\\/2023\\\/04\\\/whatsapp-large.png\",\"datePublished\":\"2023-04-27T22:47:47+00:00\",\"dateModified\":\"2023-05-04T14:23:33+00:00\",\"breadcrumb\":{\"@id\":\"https:\\\/\\\/thesmallprojects.org\\\/garages\\\/#breadcrumb\"},\"inLanguage\":\"en-GB\",\"potentialAction\":[{\"@type\":\"ReadAction\",\"target\":[\"https:\\\/\\\/thesmallprojects.org\\\/garages\\\/\"]}]},{\"@type\":\"ImageObject\",\"inLanguage\":\"en-GB\",\"@id\":\"https:\\\/\\\/thesmallprojects.org\\\/garages\\\/#primaryimage\",\"url\":\"https:\\\/\\\/thesmallprojects.org\\\/wp-content\\\/uploads\\\/2023\\\/04\\\/whatsapp-large.png\",\"contentUrl\":\"https:\\\/\\\/thesmallprojects.org\\\/wp-content\\\/uploads\\\/2023\\\/04\\\/whatsapp-large.png\"},{\"@type\":\"BreadcrumbList\",\"@id\":\"https:\\\/\\\/thesmallprojects.org\\\/garages\\\/#breadcrumb\",\"itemListElement\":[{\"@type\":\"ListItem\",\"position\":1,\"name\":\"Accueil\",\"item\":\"https:\\\/\\\/thesmallprojects.org\\\/\"},{\"@type\":\"ListItem\",\"position\":2,\"name\":\"Ressources pour les chauffeurs en Ukraine\"}]},{\"@type\":\"WebSite\",\"@id\":\"https:\\\/\\\/thesmallprojects.org\\\/#website\",\"url\":\"https:\\\/\\\/thesmallprojects.org\\\/\",\"name\":\"The Small Projects Team\",\"description\":\"MIcro-Humanitarian impact\",\"publisher\":{\"@id\":\"https:\\\/\\\/thesmallprojects.org\\\/#organization\"},\"potentialAction\":[{\"@type\":\"SearchAction\",\"target\":{\"@type\":\"EntryPoint\",\"urlTemplate\":\"https:\\\/\\\/thesmallprojects.org\\\/?s={search_term_string}\"},\"query-input\":{\"@type\":\"PropertyValueSpecification\",\"valueRequired\":true,\"valueName\":\"search_term_string\"}}],\"inLanguage\":\"en-GB\"},{\"@type\":\"Organization\",\"@id\":\"https:\\\/\\\/thesmallprojects.org\\\/#organization\",\"name\":\"The Small Projects Team\",\"url\":\"https:\\\/\\\/thesmallprojects.org\\\/\",\"logo\":{\"@type\":\"ImageObject\",\"inLanguage\":\"en-GB\",\"@id\":\"https:\\\/\\\/thesmallprojects.org\\\/#\\\/schema\\\/logo\\\/image\\\/\",\"url\":\"https:\\\/\\\/thesmallprojects.org\\\/wp-content\\\/uploads\\\/2022\\\/02\\\/Logo-small.gif\",\"contentUrl\":\"https:\\\/\\\/thesmallprojects.org\\\/wp-content\\\/uploads\\\/2022\\\/02\\\/Logo-small.gif\",\"width\":411,\"height\":198,\"caption\":\"The Small Projects Team\"},\"image\":{\"@id\":\"https:\\\/\\\/thesmallprojects.org\\\/#\\\/schema\\\/logo\\\/image\\\/\"}}]}<\/script>\n<!-- \/ Yoast SEO plugin. -->","yoast_head_json":{"title":"Resources for drivers in Ukraine - The Small Projects Team","robots":{"index":"index","follow":"follow","max-snippet":"max-snippet:-1","max-image-preview":"max-image-preview:large","max-video-preview":"max-video-preview:-1"},"canonical":"https:\/\/thesmallprojects.org\/en\/garages\/","og_locale":"en_GB","og_type":"article","og_title":"Ressources pour les chauffeurs en Ukraine - The Small Projects Team","og_description":"Cliquez ici pour proposer une adresse IMPORTANT : Pour des questions de s\u00e9curit\u00e9, les emplacements indiqu\u00e9s pour les garages en Ukraine NE SONT PAS les adresses exactes, mais ils en indiquent la zone. Veuillez contacter directement les garages pour obtenir leurs adresses.\u00a0Contactez +380 67 318 5041 sur WhatsApp pour proposer de nouveaux garages \u00e0 ajouter [&hellip;]","og_url":"https:\/\/thesmallprojects.org\/en\/garages\/","og_site_name":"The Small Projects Team","article_modified_time":"2023-05-04T14:23:33+00:00","og_image":[{"url":"https:\/\/thesmallprojects.org\/wp-content\/uploads\/2023\/04\/whatsapp-large.png","type":"","width":"","height":""}],"twitter_card":"summary_large_image","twitter_misc":{"Estimated reading time":"1 minute"},"schema":{"@context":"https:\/\/schema.org","@graph":[{"@type":"WebPage","@id":"https:\/\/thesmallprojects.org\/garages\/","url":"https:\/\/thesmallprojects.org\/garages\/","name":"Resources for drivers in Ukraine - The Small Projects Team","isPartOf":{"@id":"https:\/\/thesmallprojects.org\/#website"},"primaryImageOfPage":{"@id":"https:\/\/thesmallprojects.org\/garages\/#primaryimage"},"image":{"@id":"https:\/\/thesmallprojects.org\/garages\/#primaryimage"},"thumbnailUrl":"https:\/\/thesmallprojects.org\/wp-content\/uploads\/2023\/04\/whatsapp-large.png","datePublished":"2023-04-27T22:47:47+00:00","dateModified":"2023-05-04T14:23:33+00:00","breadcrumb":{"@id":"https:\/\/thesmallprojects.org\/garages\/#breadcrumb"},"inLanguage":"en-GB","potentialAction":[{"@type":"ReadAction","target":["https:\/\/thesmallprojects.org\/garages\/"]}]},{"@type":"ImageObject","inLanguage":"en-GB","@id":"https:\/\/thesmallprojects.org\/garages\/#primaryimage","url":"https:\/\/thesmallprojects.org\/wp-content\/uploads\/2023\/04\/whatsapp-large.png","contentUrl":"https:\/\/thesmallprojects.org\/wp-content\/uploads\/2023\/04\/whatsapp-large.png"},{"@type":"BreadcrumbList","@id":"https:\/\/thesmallprojects.org\/garages\/#breadcrumb","itemListElement":[{"@type":"ListItem","position":1,"name":"Accueil","item":"https:\/\/thesmallprojects.org\/"},{"@type":"ListItem","position":2,"name":"Ressources pour les chauffeurs en Ukraine"}]},{"@type":"WebSite","@id":"https:\/\/thesmallprojects.org\/#website","url":"https:\/\/thesmallprojects.org\/","name":"The Small Projects Team","description":"MIcro-Humanitarian impact","publisher":{"@id":"https:\/\/thesmallprojects.org\/#organization"},"potentialAction":[{"@type":"SearchAction","target":{"@type":"EntryPoint","urlTemplate":"https:\/\/thesmallprojects.org\/?s={search_term_string}"},"query-input":{"@type":"PropertyValueSpecification","valueRequired":true,"valueName":"search_term_string"}}],"inLanguage":"en-GB"},{"@type":"Organization","@id":"https:\/\/thesmallprojects.org\/#organization","name":"The Small Projects Team","url":"https:\/\/thesmallprojects.org\/","logo":{"@type":"ImageObject","inLanguage":"en-GB","@id":"https:\/\/thesmallprojects.org\/#\/schema\/logo\/image\/","url":"https:\/\/thesmallprojects.org\/wp-content\/uploads\/2022\/02\/Logo-small.gif","contentUrl":"https:\/\/thesmallprojects.org\/wp-content\/uploads\/2022\/02\/Logo-small.gif","width":411,"height":198,"caption":"The Small Projects Team"},"image":{"@id":"https:\/\/thesmallprojects.org\/#\/schema\/logo\/image\/"}}]}},"rttpg_featured_image_url":null,"rttpg_author":{"display_name":"The Small Projects Team","author_link":"https:\/\/thesmallprojects.org\/en\/author\/charles_tspf-org\/"},"rttpg_comment":0,"rttpg_category":null,"rttpg_excerpt":"Cliquez ici pour proposer une adresse IMPORTANT : Pour des questions de s\u00e9curit\u00e9, les emplacements indiqu\u00e9s pour les garages en Ukraine NE SONT PAS les adresses exactes, mais ils en indiquent la zone. Veuillez contacter directement les garages pour obtenir leurs adresses.\u00a0Contactez +380 67 318 5041 sur WhatsApp pour proposer de nouveaux garages \u00e0 ajouter&hellip;","_links":{"self":[{"href":"https:\/\/thesmallprojects.org\/en\/wp-json\/wp\/v2\/pages\/5533","targetHints":{"allow":["GET"]}}],"collection":[{"href":"https:\/\/thesmallprojects.org\/en\/wp-json\/wp\/v2\/pages"}],"about":[{"href":"https:\/\/thesmallprojects.org\/en\/wp-json\/wp\/v2\/types\/page"}],"author":[{"embeddable":true,"href":"https:\/\/thesmallprojects.org\/en\/wp-json\/wp\/v2\/users\/1"}],"replies":[{"embeddable":true,"href":"https:\/\/thesmallprojects.org\/en\/wp-json\/wp\/v2\/comments?post=5533"}],"version-history":[{"count":0,"href":"https:\/\/thesmallprojects.org\/en\/wp-json\/wp\/v2\/pages\/5533\/revisions"}],"wp:attachment":[{"href":"https:\/\/thesmallprojects.org\/en\/wp-json\/wp\/v2\/media?parent=5533"}],"curies":[{"name":"wp","href":"https:\/\/api.w.org\/{rel}","templated":true}]}}