{"id":5862,"date":"2023-06-04T02:29:22","date_gmt":"2023-06-04T02:29:22","guid":{"rendered":"https:\/\/thesmallprojects.org\/?page_id=5862"},"modified":"2023-06-04T03:47:57","modified_gmt":"2023-06-04T03:47:57","slug":"companies","status":"publish","type":"page","link":"https:\/\/thesmallprojects.org\/en\/entreprises\/","title":{"rendered":"Visibility for companies"},"content":{"rendered":"<div data-elementor-type=\"wp-page\" data-elementor-id=\"5862\" class=\"elementor elementor-5862\" data-elementor-post-type=\"page\">\n\t\t\t\t\t\t<section class=\"elementor-section elementor-top-section elementor-element elementor-element-8d5ca39 elementor-section-boxed elementor-section-height-default elementor-section-height-default\" data-id=\"8d5ca39\" data-element_type=\"section\" data-e-type=\"section\">\n\t\t\t\t\t\t<div class=\"elementor-container elementor-column-gap-default\">\n\t\t\t\t\t<div class=\"elementor-column elementor-col-100 elementor-top-column elementor-element elementor-element-7b14617\" data-id=\"7b14617\" data-element_type=\"column\" data-e-type=\"column\">\n\t\t\t<div class=\"elementor-widget-wrap elementor-element-populated\">\n\t\t\t\t\t\t<div class=\"elementor-element elementor-element-8b2822f elementor-widget elementor-widget-text-editor\" data-id=\"8b2822f\" data-element_type=\"widget\" data-e-type=\"widget\" data-widget_type=\"text-editor.default\">\n\t\t\t\t<div class=\"elementor-widget-container\">\n\t\t\t\t\t\t\t\t\t<h3 style=\"text-align: center;\"><b>Here is the visibility offer we have created for our corporate donors. You can view this document here or download it.\u00a0<\/b><\/h3>\t\t\t\t\t\t\t\t<\/div>\n\t\t\t\t<\/div>\n\t\t\t\t<div class=\"elementor-element elementor-element-da8fd72 elementor-align-center elementor-widget elementor-widget-button\" data-id=\"da8fd72\" data-element_type=\"widget\" data-e-type=\"widget\" data-no-translation=\"\" data-widget_type=\"button.default\">\n\t\t\t\t<div class=\"elementor-widget-container\">\n\t\t\t\t\t<style>.elementor-element-da8fd72{display:none !important}<\/style>\t\t\t\t<\/div>\n\t\t\t\t<\/div>\n\t\t\t\t<div class=\"elementor-element elementor-element-2896feb elementor-align-center elementor-widget elementor-widget-button\" data-id=\"2896feb\" data-element_type=\"widget\" data-e-type=\"widget\" data-widget_type=\"button.default\">\n\t\t\t\t<div class=\"elementor-widget-container\">\n\t\t\t\t\t\t\t\t\t<div class=\"elementor-button-wrapper\">\n\t\t\t\t\t<a class=\"elementor-button elementor-button-link elementor-size-md\" href=\"https:\/\/thesmallprojects.org\/wp-content\/uploads\/2023\/06\/Pr\u00e9sentationTSPT-EN.pdf\" target=\"_blank\">\n\t\t\t\t\t\t<span class=\"elementor-button-content-wrapper\">\n\t\t\t\t\t\t<span class=\"elementor-button-icon\">\n\t\t\t\t<i aria-hidden=\"true\" class=\"fas fa-file-download\"><\/i>\t\t\t<\/span>\n\t\t\t\t\t\t\t\t\t<span class=\"elementor-button-text\">Download<\/span>\n\t\t\t\t\t<\/span>\n\t\t\t\t\t<\/a>\n\t\t\t\t<\/div>\n\t\t\t\t\t\t\t\t<\/div>\n\t\t\t\t<\/div>\n\t\t\t\t<div class=\"elementor-element elementor-element-1eb3890 elementor-widget elementor-widget-text-editor\" data-id=\"1eb3890\" data-element_type=\"widget\" data-e-type=\"widget\" data-no-translation=\"\" data-widget_type=\"text-editor.default\">\n\t\t\t\t<div class=\"elementor-widget-container\">\n\t\t\t\t\t<style>.elementor-element-1eb3890{display:none !important}<\/style>\t\t\t\t<\/div>\n\t\t\t\t<\/div>\n\t\t\t\t<div class=\"elementor-element elementor-element-874d3f7 elementor-widget elementor-widget-text-editor\" data-id=\"874d3f7\" data-element_type=\"widget\" data-e-type=\"widget\" data-no-translation=\"\" data-widget_type=\"text-editor.default\">\n\t\t\t\t<div class=\"elementor-widget-container\">\n\t\t\t\t\t\t\t\t\t<p style=\"text-align: center;\"><a href=\"https:\/\/thesmallprojects.org\/wp-content\/uploads\/2023\/06\/Pr\u00e9sentationTSPT-EN.pdf\" class=\"pdfemb-viewer\" style=\"\" data-width=\"max\" data-height=\"max\" data-toolbar=\"both\" data-toolbar-fixed=\"on\">Pr\u00e9sentationTSPT-EN<\/a><\/p>\t\t\t\t\t\t\t\t<\/div>\n\t\t\t\t<\/div>\n\t\t\t\t<div class=\"elementor-element elementor-element-4994795 elementor-widget elementor-widget-text-editor\" data-id=\"4994795\" data-element_type=\"widget\" data-e-type=\"widget\" data-no-translation=\"\" data-widget_type=\"text-editor.default\">\n\t\t\t\t<div class=\"elementor-widget-container\">\n\t\t\t\t\t<style>.elementor-element-4994795{display:none !important}<\/style>\t\t\t\t<\/div>\n\t\t\t\t<\/div>\n\t\t\t\t<div class=\"elementor-element elementor-element-dfd35cb elementor-align-center elementor-widget elementor-widget-button\" data-id=\"dfd35cb\" data-element_type=\"widget\" data-e-type=\"widget\" data-widget_type=\"button.default\">\n\t\t\t\t<div class=\"elementor-widget-container\">\n\t\t\t\t\t\t\t\t\t<div class=\"elementor-button-wrapper\">\n\t\t\t\t\t<a class=\"elementor-button elementor-button-link elementor-size-md\" href=\"https:\/\/thesmallprojects.org\/en\/contact\/\">\n\t\t\t\t\t\t<span class=\"elementor-button-content-wrapper\">\n\t\t\t\t\t\t<span class=\"elementor-button-icon\">\n\t\t\t\t<i aria-hidden=\"true\" class=\"icon-email\"><\/i>\t\t\t<\/span>\n\t\t\t\t\t\t\t\t\t<span class=\"elementor-button-text\">Contact us for more information<\/span>\n\t\t\t\t\t<\/span>\n\t\t\t\t\t<\/a>\n\t\t\t\t<\/div>\n\t\t\t\t\t\t\t\t<\/div>\n\t\t\t\t<\/div>\n\t\t\t\t\t<\/div>\n\t\t<\/div>\n\t\t\t\t\t<\/div>\n\t\t<\/section>\n\t\t\t\t<\/div>","protected":false},"excerpt":{"rendered":"<p>Here is the visibility offer we have created for our corporate donors. You can view this document here or download it.  Download Contact us for more information<\/p>","protected":false},"author":1,"featured_media":0,"parent":0,"menu_order":0,"comment_status":"closed","ping_status":"closed","template":"elementor_header_footer","meta":{"footnotes":""},"class_list":["post-5862","page","type-page","status-publish","hentry"],"yoast_head":"<!-- This site is optimized with the Yoast SEO plugin v27.4 - https:\/\/yoast.com\/product\/yoast-seo-wordpress\/ -->\n<title>Offre de visibilit\u00e9 pour les entreprises - The Small Projects Team<\/title>\n<meta name=\"robots\" content=\"index, follow, max-snippet:-1, max-image-preview:large, max-video-preview:-1\" \/>\n<link rel=\"canonical\" href=\"https:\/\/thesmallprojects.org\/en\/companies\/\" \/>\n<meta property=\"og:locale\" content=\"en_GB\" \/>\n<meta property=\"og:type\" content=\"article\" \/>\n<meta property=\"og:title\" content=\"Offre de visibilit\u00e9 pour les entreprises - The Small Projects Team\" \/>\n<meta property=\"og:description\" content=\"Voici l&#8217;offre de visibilit\u00e9 que nous avons cr\u00e9\u00e9e pour nos entreprises donatrices. Vous pouvez consulter ce document ici ou le t\u00e9l\u00e9charger.\u00a0 T\u00e9l\u00e9charger Contactez-nous pour plus d&#8217;information\" \/>\n<meta property=\"og:url\" content=\"https:\/\/thesmallprojects.org\/en\/companies\/\" \/>\n<meta property=\"og:site_name\" content=\"The Small Projects Team\" \/>\n<meta property=\"article:modified_time\" content=\"2023-06-04T03:47:57+00:00\" \/>\n<meta property=\"og:image\" content=\"https:\/\/thesmallprojects.org\/wp-content\/uploads\/2023\/05\/NEW-Logo-haute-def-baseline-copie.png\" \/>\n\t<meta property=\"og:image:width\" content=\"1000\" \/>\n\t<meta property=\"og:image:height\" content=\"549\" \/>\n\t<meta property=\"og:image:type\" content=\"image\/png\" \/>\n<meta name=\"twitter:card\" content=\"summary_large_image\" \/>\n<meta name=\"twitter:label1\" content=\"Estimated reading time\" \/>\n\t<meta name=\"twitter:data1\" content=\"1 minute\" \/>\n<script type=\"application\/ld+json\" class=\"yoast-schema-graph\">{\"@context\":\"https:\\\/\\\/schema.org\",\"@graph\":[{\"@type\":\"WebPage\",\"@id\":\"https:\\\/\\\/thesmallprojects.org\\\/entreprises\\\/\",\"url\":\"https:\\\/\\\/thesmallprojects.org\\\/entreprises\\\/\",\"name\":\"Offre de visibilit\u00e9 pour les entreprises - The Small Projects Team\",\"isPartOf\":{\"@id\":\"https:\\\/\\\/thesmallprojects.org\\\/#website\"},\"datePublished\":\"2023-06-04T02:29:22+00:00\",\"dateModified\":\"2023-06-04T03:47:57+00:00\",\"breadcrumb\":{\"@id\":\"https:\\\/\\\/thesmallprojects.org\\\/entreprises\\\/#breadcrumb\"},\"inLanguage\":\"en-GB\",\"potentialAction\":[{\"@type\":\"ReadAction\",\"target\":[\"https:\\\/\\\/thesmallprojects.org\\\/entreprises\\\/\"]}]},{\"@type\":\"BreadcrumbList\",\"@id\":\"https:\\\/\\\/thesmallprojects.org\\\/entreprises\\\/#breadcrumb\",\"itemListElement\":[{\"@type\":\"ListItem\",\"position\":1,\"name\":\"Accueil\",\"item\":\"https:\\\/\\\/thesmallprojects.org\\\/\"},{\"@type\":\"ListItem\",\"position\":2,\"name\":\"Offre de visibilit\u00e9 pour les entreprises\"}]},{\"@type\":\"WebSite\",\"@id\":\"https:\\\/\\\/thesmallprojects.org\\\/#website\",\"url\":\"https:\\\/\\\/thesmallprojects.org\\\/\",\"name\":\"The Small Projects Team\",\"description\":\"MIcro-Humanitarian impact\",\"publisher\":{\"@id\":\"https:\\\/\\\/thesmallprojects.org\\\/#organization\"},\"potentialAction\":[{\"@type\":\"SearchAction\",\"target\":{\"@type\":\"EntryPoint\",\"urlTemplate\":\"https:\\\/\\\/thesmallprojects.org\\\/?s={search_term_string}\"},\"query-input\":{\"@type\":\"PropertyValueSpecification\",\"valueRequired\":true,\"valueName\":\"search_term_string\"}}],\"inLanguage\":\"en-GB\"},{\"@type\":\"Organization\",\"@id\":\"https:\\\/\\\/thesmallprojects.org\\\/#organization\",\"name\":\"The Small Projects Team\",\"url\":\"https:\\\/\\\/thesmallprojects.org\\\/\",\"logo\":{\"@type\":\"ImageObject\",\"inLanguage\":\"en-GB\",\"@id\":\"https:\\\/\\\/thesmallprojects.org\\\/#\\\/schema\\\/logo\\\/image\\\/\",\"url\":\"https:\\\/\\\/thesmallprojects.org\\\/wp-content\\\/uploads\\\/2022\\\/02\\\/Logo-small.gif\",\"contentUrl\":\"https:\\\/\\\/thesmallprojects.org\\\/wp-content\\\/uploads\\\/2022\\\/02\\\/Logo-small.gif\",\"width\":411,\"height\":198,\"caption\":\"The Small Projects Team\"},\"image\":{\"@id\":\"https:\\\/\\\/thesmallprojects.org\\\/#\\\/schema\\\/logo\\\/image\\\/\"}}]}<\/script>\n<!-- \/ Yoast SEO plugin. -->","yoast_head_json":{"title":"Visibility offer for companies - The Small Projects Team","robots":{"index":"index","follow":"follow","max-snippet":"max-snippet:-1","max-image-preview":"max-image-preview:large","max-video-preview":"max-video-preview:-1"},"canonical":"https:\/\/thesmallprojects.org\/en\/companies\/","og_locale":"en_GB","og_type":"article","og_title":"Offre de visibilit\u00e9 pour les entreprises - The Small Projects Team","og_description":"Voici l&#8217;offre de visibilit\u00e9 que nous avons cr\u00e9\u00e9e pour nos entreprises donatrices. Vous pouvez consulter ce document ici ou le t\u00e9l\u00e9charger.\u00a0 T\u00e9l\u00e9charger Contactez-nous pour plus d&#8217;information","og_url":"https:\/\/thesmallprojects.org\/en\/companies\/","og_site_name":"The Small Projects Team","article_modified_time":"2023-06-04T03:47:57+00:00","og_image":[{"width":1000,"height":549,"url":"https:\/\/thesmallprojects.org\/wp-content\/uploads\/2023\/05\/NEW-Logo-haute-def-baseline-copie.png","type":"image\/png"}],"twitter_card":"summary_large_image","twitter_misc":{"Estimated reading time":"1 minute"},"schema":{"@context":"https:\/\/schema.org","@graph":[{"@type":"WebPage","@id":"https:\/\/thesmallprojects.org\/entreprises\/","url":"https:\/\/thesmallprojects.org\/entreprises\/","name":"Visibility offer for companies - The Small Projects Team","isPartOf":{"@id":"https:\/\/thesmallprojects.org\/#website"},"datePublished":"2023-06-04T02:29:22+00:00","dateModified":"2023-06-04T03:47:57+00:00","breadcrumb":{"@id":"https:\/\/thesmallprojects.org\/entreprises\/#breadcrumb"},"inLanguage":"en-GB","potentialAction":[{"@type":"ReadAction","target":["https:\/\/thesmallprojects.org\/entreprises\/"]}]},{"@type":"BreadcrumbList","@id":"https:\/\/thesmallprojects.org\/entreprises\/#breadcrumb","itemListElement":[{"@type":"ListItem","position":1,"name":"Accueil","item":"https:\/\/thesmallprojects.org\/"},{"@type":"ListItem","position":2,"name":"Offre de visibilit\u00e9 pour les entreprises"}]},{"@type":"WebSite","@id":"https:\/\/thesmallprojects.org\/#website","url":"https:\/\/thesmallprojects.org\/","name":"The Small Projects Team","description":"MIcro-Humanitarian impact","publisher":{"@id":"https:\/\/thesmallprojects.org\/#organization"},"potentialAction":[{"@type":"SearchAction","target":{"@type":"EntryPoint","urlTemplate":"https:\/\/thesmallprojects.org\/?s={search_term_string}"},"query-input":{"@type":"PropertyValueSpecification","valueRequired":true,"valueName":"search_term_string"}}],"inLanguage":"en-GB"},{"@type":"Organization","@id":"https:\/\/thesmallprojects.org\/#organization","name":"The Small Projects Team","url":"https:\/\/thesmallprojects.org\/","logo":{"@type":"ImageObject","inLanguage":"en-GB","@id":"https:\/\/thesmallprojects.org\/#\/schema\/logo\/image\/","url":"https:\/\/thesmallprojects.org\/wp-content\/uploads\/2022\/02\/Logo-small.gif","contentUrl":"https:\/\/thesmallprojects.org\/wp-content\/uploads\/2022\/02\/Logo-small.gif","width":411,"height":198,"caption":"The Small Projects Team"},"image":{"@id":"https:\/\/thesmallprojects.org\/#\/schema\/logo\/image\/"}}]}},"rttpg_featured_image_url":null,"rttpg_author":{"display_name":"The Small Projects Team","author_link":"https:\/\/thesmallprojects.org\/en\/author\/charles_tspf-org\/"},"rttpg_comment":0,"rttpg_category":null,"rttpg_excerpt":"Voici l&#8217;offre de visibilit\u00e9 que nous avons cr\u00e9\u00e9e pour nos entreprises donatrices. Vous pouvez consulter ce document ici ou le t\u00e9l\u00e9charger.\u00a0 T\u00e9l\u00e9charger Contactez-nous pour plus d&#8217;information","_links":{"self":[{"href":"https:\/\/thesmallprojects.org\/en\/wp-json\/wp\/v2\/pages\/5862","targetHints":{"allow":["GET"]}}],"collection":[{"href":"https:\/\/thesmallprojects.org\/en\/wp-json\/wp\/v2\/pages"}],"about":[{"href":"https:\/\/thesmallprojects.org\/en\/wp-json\/wp\/v2\/types\/page"}],"author":[{"embeddable":true,"href":"https:\/\/thesmallprojects.org\/en\/wp-json\/wp\/v2\/users\/1"}],"replies":[{"embeddable":true,"href":"https:\/\/thesmallprojects.org\/en\/wp-json\/wp\/v2\/comments?post=5862"}],"version-history":[{"count":0,"href":"https:\/\/thesmallprojects.org\/en\/wp-json\/wp\/v2\/pages\/5862\/revisions"}],"wp:attachment":[{"href":"https:\/\/thesmallprojects.org\/en\/wp-json\/wp\/v2\/media?parent=5862"}],"curies":[{"name":"wp","href":"https:\/\/api.w.org\/{rel}","templated":true}]}}