{"id":37,"date":"2022-02-09T14:42:51","date_gmt":"2022-02-09T14:42:51","guid":{"rendered":"https:\/\/layerdrops.com\/pifoxenwp\/?page_id=37"},"modified":"2023-04-07T19:00:10","modified_gmt":"2023-04-07T19:00:10","slug":"%d0%b2%d0%be%d0%bb%d0%be%d0%bd%d1%82%d0%b5%d1%80","status":"publish","type":"page","link":"https:\/\/thesmallprojects.org\/uk\/volontaire\/","title":{"rendered":"\u041f\u0440\u0438\u0454\u0434\u043d\u0443\u0439\u0442\u0435\u0441\u044c \u0434\u043e \u043a\u043e\u043c\u0430\u043d\u0434\u0438"},"content":{"rendered":"<div data-elementor-type=\"wp-page\" data-elementor-id=\"37\" class=\"elementor elementor-37\" data-elementor-post-type=\"page\">\n\t\t\t\t\t\t<section class=\"elementor-section elementor-top-section elementor-element elementor-element-1d27a47 elementor-section-full_width elementor-section-height-default elementor-section-height-default\" data-id=\"1d27a47\" data-element_type=\"section\" data-e-type=\"section\">\n\t\t\t\t\t\t<div class=\"elementor-container elementor-column-gap-no\">\n\t\t\t\t\t<div class=\"elementor-column elementor-col-100 elementor-top-column elementor-element elementor-element-d6f18c5\" data-id=\"d6f18c5\" data-element_type=\"column\" data-e-type=\"column\">\n\t\t\t<div class=\"elementor-widget-wrap elementor-element-populated\">\n\t\t\t\t\t\t<div class=\"elementor-element elementor-element-fa6a226 elementor-widget elementor-widget-pifoxen-contact-form\" data-id=\"fa6a226\" data-element_type=\"widget\" data-e-type=\"widget\" data-widget_type=\"pifoxen-contact-form.default\">\n\t\t\t\t<div class=\"elementor-widget-container\">\n\t\t\t\t\t\r\n    <!--Become Volunteer Start-->\r\n    <section class=\"become-volunteer\">\r\n        <div class=\"container\">\r\n            <div class=\"row\">\r\n                <div class=\"col-xl-6 col-lg-6\">\r\n                    <div class=\"become-volunteer__Left\">\r\n                        <div class=\"become-volunteer__images\">\r\n                            <div class=\"row\">\r\n                                                                    <div class=\"col-xl-6 col-lg-6 col-md-6\">\r\n                                        <div class=\"become-volunteer__img-single\">\r\n                                            <img decoding=\"async\" src=\"http:\/\/layerdrops.com\/pifoxenwp\/wp-content\/uploads\/2022\/02\/become-volunteer-img-1.jpg\" alt=\"\">\r\n                                        <\/div>\r\n                                    <\/div>\r\n                                                                                                    <div class=\"col-xl-6 col-lg-6 col-md-6\">\r\n                                        <div class=\"become-volunteer__img-single\">\r\n                                            <img decoding=\"async\" src=\"http:\/\/layerdrops.com\/pifoxenwp\/wp-content\/uploads\/2022\/02\/become-volunteer-img-2.jpg\" alt=\"\">\r\n                                        <\/div>\r\n                                    <\/div>\r\n                                                            <\/div>\r\n                        <\/div>\r\n                        <div class=\"become-volunteer__content\">\r\n                                                            <h3 class=\"become-volunteer__title\">\u041a\u0440\u0438\u0442\u0435\u0440\u0456\u0457 \u043f\u043e\u0448\u0443\u043a\u0443<\/h3>\r\n                                                                                        <p class=\"become-volunteer__text\">\u041c\u0438 \u0448\u0443\u043a\u0430\u0454\u043c\u043e \u0432\u0456\u0434\u0434\u0430\u043d\u0438\u0445, \u043a\u0432\u0430\u043b\u0456\u0444\u0456\u043a\u043e\u0432\u0430\u043d\u0438\u0445 \u043b\u044e\u0434\u0435\u0439 \u0443 \u0442\u0430\u043a\u0438\u0445 \u0441\u0444\u0435\u0440\u0430\u0445: \u0430\u043d\u0430\u043b\u0456\u0437 \u043f\u0440\u043e\u0435\u043a\u0442\u0456\u0432, \u0444\u0430\u043d\u0434\u0440\u0435\u0439\u0437\u0438\u043d\u0433, \u0444\u0456\u043d\u0430\u043d\u0441\u0443\u0432\u0430\u043d\u043d\u044f, \u0441\u043e\u0446\u0456\u0430\u043b\u044c\u043d\u0456 \u043c\u0435\u0440\u0435\u0436\u0456, \u043f\u043e\u0448\u0443\u043a \u043f\u0440\u043e\u0435\u043a\u0442\u0456\u0432 \u043f\u043e \u0432\u0441\u044c\u043e\u043c\u0443 \u0441\u0432\u0456\u0442\u0443.<\/p>\r\n                                                                                        <ul class=\"list-unstyled become-volunteer__points ml-0\">\r\n                                                                            <li>\u041d\u0430\u0448\u0438\u043c\u0438 \u0440\u043e\u0431\u043e\u0447\u0438\u043c\u0438 \u043c\u043e\u0432\u0430\u043c\u0438 \u0454 \u0430\u043d\u0433\u043b\u0456\u0439\u0441\u044c\u043a\u0430, \u044f\u043a\u0430 \u0454 \u043d\u0430\u0448\u043e\u044e \u0441\u043f\u0456\u043b\u044c\u043d\u043e\u044e \u043c\u043e\u0432\u043e\u044e \u0441\u043f\u0456\u043b\u043a\u0443\u0432\u0430\u043d\u043d\u044f, \u0442\u0430 \u0444\u0440\u0430\u043d\u0446\u0443\u0437\u044c\u043a\u0430. \u0414\u043b\u044f \u0430\u043d\u0430\u043b\u0456\u0437\u0443 \u043f\u0440\u043e\u0435\u043a\u0442\u0456\u0432 \u0442\u0430 \u043f\u043e\u0448\u0443\u043a\u0443 \u043f\u043e\u0441\u0442\u0430\u0447\u0430\u043b\u044c\u043d\u0438\u043a\u0456\u0432 \u0437\u043d\u0430\u043d\u043d\u044f \u043c\u0456\u0441\u0446\u0435\u0432\u0438\u0445 \u043c\u043e\u0432 \u0454 \u0441\u043f\u0440\u0430\u0432\u0436\u043d\u0456\u043c \u043f\u043b\u044e\u0441\u043e\u043c. <\/li>\r\n                                                                            <li>\u041d\u0435 \u0456\u0441\u043d\u0443\u0454 \u0436\u043e\u0434\u043d\u0438\u0445 \u0433\u0435\u043e\u0433\u0440\u0430\u0444\u0456\u0447\u043d\u0438\u0445 \u043e\u0431\u043c\u0435\u0436\u0435\u043d\u044c, \u0437\u0430 \u0432\u0438\u043d\u044f\u0442\u043a\u043e\u043c \u0432\u0438\u0431\u043e\u0440\u0443 \u0434\u0436\u0435\u0440\u0435\u043b \u0444\u0456\u043d\u0430\u043d\u0441\u0443\u0432\u0430\u043d\u043d\u044f \u043f\u0440\u043e\u0435\u043a\u0442\u0456\u0432, \u0434\u043b\u044f \u044f\u043a\u0438\u0445 \u0440\u043e\u0437\u0442\u0430\u0448\u0443\u0432\u0430\u043d\u043d\u044f \u0443 \u0432\u0456\u0434\u043f\u043e\u0432\u0456\u0434\u043d\u0456\u0439 \u043a\u0440\u0430\u0457\u043d\u0456 \u0454 \u0440\u0435\u0430\u043b\u044c\u043d\u043e\u044e \u043f\u0435\u0440\u0435\u0432\u0430\u0433\u043e\u044e.<\/li>\r\n                                                                            <li><\/li>\r\n                                                                    <\/ul>\r\n                                                        <div class=\"become-volunteer__contact\">\r\n                                <p>\r\n                                                                                                        <\/p>\r\n                            <\/div>\r\n                        <\/div>\r\n                    <\/div>\r\n                <\/div>\r\n                <div class=\"col-xl-6 col-lg-6\">\r\n                    <div class=\"become-volunteer__right\">\r\n                        <div class=\"become-volunteer__form\">\r\n                            <div class=\"row\">\r\n                                                                    <div class=\"wpcf7 no-js\" id=\"wpcf7-f284-o1\" lang=\"en-US\" dir=\"ltr\" data-wpcf7-id=\"284\">\n<div class=\"screen-reader-response\">\n<p role=\"status\" aria-live=\"polite\" aria-atomic=\"true\">\n<ul><\/ul>\n<\/div>\n<form action=\"\/uk\/wp-json\/wp\/v2\/pages\/37#wpcf7-f284-o1\" method=\"post\" class=\"wpcf7-form init\" aria-label=\"\u041a\u043e\u043d\u0442\u0430\u043a\u0442\u043d\u0430 \u0444\u043e\u0440\u043c\u0430\" novalidate=\"novalidate\" data-status=\"init\" data-trp-original-action=\"\/uk\/wp-json\/wp\/v2\/pages\/37#wpcf7-f284-o1\">\n<fieldset class=\"hidden-fields-container\"><input type=\"hidden\" name=\"_wpcf7\" value=\"284\" \/><input type=\"hidden\" name=\"_wpcf7_version\" value=\"6.1.5\" \/><input type=\"hidden\" name=\"_wpcf7_locale\" value=\"en_US\" \/><input type=\"hidden\" name=\"_wpcf7_unit_tag\" value=\"wpcf7-f284-o1\" \/><input type=\"hidden\" name=\"_wpcf7_container_post\" value=\"0\" \/><input type=\"hidden\" name=\"_wpcf7_posted_data_hash\" value=\"\" \/>\n<\/fieldset>\n<div class=\"become-volunteer__form\">\n<div class=\"row\">\n<div class=\"col-xl-12\">\n<div class=\"become-volunteer__input\">\n<p><span class=\"wpcf7-form-control-wrap\" data-name=\"your-name\"><input size=\"40\" maxlength=\"400\" class=\"wpcf7-form-control wpcf7-text wpcf7-validates-as-required\" aria-required=\"true\" aria-invalid=\"false\" placeholder=\"\u0422\u0432\u043e\u0454 \u0456\u043c&#039;\u044f\" value=\"\" type=\"text\" name=\"your-name\" \/><\/span>\n\t\t\t\t<\/p>\n<\/p><\/div>\n<\/p><\/div>\n<div class=\"col-xl-12\">\n<div class=\"become-volunteer__input\">\n<p><span class=\"wpcf7-form-control-wrap\" data-name=\"your-email\"><input size=\"40\" maxlength=\"400\" class=\"wpcf7-form-control wpcf7-email wpcf7-validates-as-required wpcf7-text wpcf7-validates-as-email\" aria-required=\"true\" aria-invalid=\"false\" placeholder=\"\u0410\u0434\u0440\u0435\u0441\u0430 \u0435\u043b\u0435\u043a\u0442\u0440\u043e\u043d\u043d\u043e\u0457 \u043f\u043e\u0448\u0442\u0438\" value=\"\" type=\"email\" name=\"your-email\" \/><\/span>\n\t\t\t\t<\/p>\n<\/p><\/div>\n<\/p><\/div>\n<div class=\"col-xl-12\">\n<div class=\"become-volunteer__input\">\n<p><span class=\"wpcf7-form-control-wrap\" data-name=\"your-phone\"><input size=\"40\" maxlength=\"400\" class=\"wpcf7-form-control wpcf7-text wpcf7-validates-as-required\" aria-required=\"true\" aria-invalid=\"false\" placeholder=\"\u0422\u0435\u043b\u0435\u0444\u043e\u043d\" value=\"\" type=\"text\" name=\"your-phone\" \/><\/span>\n\t\t\t\t<\/p>\n<\/p><\/div>\n<\/p><\/div>\n<div class=\"col-xl-12\">\n<div class=\"become-volunteer__input\">\n<p><span class=\"wpcf7-form-control-wrap\" data-name=\"your-country\"><input size=\"40\" maxlength=\"400\" class=\"wpcf7-form-control wpcf7-text\" aria-invalid=\"false\" placeholder=\"\u041a\u0440\u0430\u0457\u043d\u0430\" value=\"\" type=\"text\" name=\"your-country\" \/><\/span>\n\t\t\t\t<\/p>\n<\/p><\/div>\n<\/p><\/div>\n<div class=\"col-xl-6\">\n<div class=\"become-volunteer__input\">\n<p><span class=\"wpcf7-form-control-wrap\" data-name=\"your-date\"><input size=\"40\" maxlength=\"400\" class=\"wpcf7-form-control wpcf7-text\" aria-invalid=\"false\" placeholder=\"\u0414\u0430\u0442\u0430 \u043d\u0430\u0440\u043e\u0434\u0436\u0435\u043d\u043d\u044f\" value=\"\" type=\"text\" name=\"your-date\" \/><\/span>\n\t\t\t\t<\/p>\n<\/p><\/div>\n<\/p><\/div>\n<div class=\"col-xl-6\">\n<div class=\"become-volunteer__input\">\n<p><span class=\"wpcf7-form-control-wrap\" data-name=\"your-occupation\"><input size=\"40\" maxlength=\"400\" class=\"wpcf7-form-control wpcf7-text\" aria-invalid=\"false\" placeholder=\"\u041f\u0440\u043e\u0444\u0435\u0441\u0456\u0439\u043d\u0430 \u0434\u0456\u044f\u043b\u044c\u043d\u0456\u0441\u0442\u044c\" value=\"\" type=\"text\" name=\"your-occupation\" \/><\/span>\n\t\t\t\t<\/p>\n<\/p><\/div>\n<\/p><\/div>\n<div class=\"col-xl-12\">\n<div class=\"become-volunteer__input become-volunteer__message-box\">\n<p><span class=\"wpcf7-form-control-wrap\" data-name=\"your-message\"><textarea cols=\"40\" rows=\"10\" maxlength=\"2000\" class=\"wpcf7-form-control wpcf7-textarea\" aria-invalid=\"false\" placeholder=\"\u041f\u0440\u0435\u0434\u0441\u0442\u0430\u0432\u0442\u0435\u0441\u044f, \u0431\u0443\u0434\u044c \u043b\u0430\u0441\u043a\u0430\" name=\"your-message\"><\/textarea><\/span>\n\t\t\t\t<\/p>\n<\/p><\/div>\n<div class=\"become-volunteer__btn-box\">\n<p><button type=\"submit\" class=\"thm-btn become-volunteer__btn\">\u041d\u0430\u0434\u0456\u0441\u043b\u0430\u0442\u0438<\/button>\n\t\t\t\t<\/p>\n<\/p><\/div>\n<\/p><\/div>\n<\/p><\/div>\n<\/div>\n<p style=\"display: none !important;\" class=\"akismet-fields-container\" data-prefix=\"_wpcf7_ak_\"><label>\u0394<textarea name=\"_wpcf7_ak_hp_textarea\" cols=\"45\" rows=\"8\" maxlength=\"100\"><\/textarea><\/label><input type=\"hidden\" id=\"ak_js_1\" name=\"_wpcf7_ak_js\" value=\"243\"\/><script>document.getElementById( \"ak_js_1\" ).setAttribute( \"value\", ( new Date() ).getTime() );<\/script><\/p>\n<div class=\"wpcf7-response-output\" aria-hidden=\"true\"><\/div>\n<input type=\"hidden\" name=\"trp-form-language\" value=\"uk\"\/><\/form>\n<\/div>\n                                                            <\/div>\r\n                        <\/div>\r\n                    <\/div>\r\n                <\/div>\r\n            <\/div>\r\n        <\/div>\r\n    <\/section>\r\n    <!--Become Volunteer End-->\r\n\r\n\t\t\t\t<\/div>\n\t\t\t\t<\/div>\n\t\t\t\t\t<\/div>\n\t\t<\/div>\n\t\t\t\t\t<\/div>\n\t\t<\/section>\n\t\t\t\t<\/div>","protected":false},"excerpt":{"rendered":"<p>Crit\u00e8res de recherche Nous recherchons des personnes engag\u00e9es, et qualifi\u00e9es dans les domaines suivants : analyse de projet, lev\u00e9e de fonds, financement, gestion de r\u00e9seaux sociaux, sourcing de projets dans le monde entier. Nos langues de travail sont l&#8217;anglais, qui est notre langue commune de communication, et le fran\u00e7ais. Pour l&#8217;analyse et le sourcing de [&hellip;]<\/p>\n","protected":false},"author":1,"featured_media":0,"parent":0,"menu_order":0,"comment_status":"closed","ping_status":"closed","template":"elementor_header_footer","meta":{"footnotes":""},"class_list":["post-37","page","type-page","status-publish","hentry"],"yoast_head":"<!-- This site is optimized with the Yoast SEO plugin v27.4 - https:\/\/yoast.com\/product\/yoast-seo-wordpress\/ -->\n<title>Rejoignez la \u00ab\u00a0Team\u00a0\u00bb - The Small Projects Team<\/title>\n<meta name=\"robots\" content=\"index, follow, max-snippet:-1, max-image-preview:large, max-video-preview:-1\" \/>\n<link rel=\"canonical\" href=\"https:\/\/thesmallprojects.org\/uk\/\u0432\u043e\u043b\u043e\u043d\u0442\u0435\u0440\/\" \/>\n<meta property=\"og:locale\" content=\"uk_UA\" \/>\n<meta property=\"og:type\" content=\"article\" \/>\n<meta property=\"og:title\" content=\"Rejoignez la \u00ab\u00a0Team\u00a0\u00bb - The Small Projects Team\" \/>\n<meta property=\"og:description\" content=\"Crit\u00e8res de recherche Nous recherchons des personnes engag\u00e9es, et qualifi\u00e9es dans les domaines suivants : analyse de projet, lev\u00e9e de fonds, financement, gestion de r\u00e9seaux sociaux, sourcing de projets dans le monde entier. Nos langues de travail sont l&#8217;anglais, qui est notre langue commune de communication, et le fran\u00e7ais. Pour l&#8217;analyse et le sourcing de [&hellip;]\" \/>\n<meta property=\"og:url\" content=\"https:\/\/thesmallprojects.org\/uk\/\u0432\u043e\u043b\u043e\u043d\u0442\u0435\u0440\/\" \/>\n<meta property=\"og:site_name\" content=\"The Small Projects Team\" \/>\n<meta property=\"article:modified_time\" content=\"2023-04-07T19:00:10+00:00\" \/>\n<meta property=\"og:image\" content=\"http:\/\/layerdrops.com\/pifoxenwp\/wp-content\/uploads\/2022\/02\/become-volunteer-img-1.jpg\" \/>\n<meta name=\"twitter:card\" content=\"summary_large_image\" \/>\n<meta name=\"twitter:label1\" content=\"\u041f\u0440\u0438\u0431\u043b. \u0447\u0430\u0441 \u0447\u0438\u0442\u0430\u043d\u043d\u044f\" \/>\n\t<meta name=\"twitter:data1\" content=\"1 \u0445\u0432\u0438\u043b\u0438\u043d\u0430\" \/>\n<script type=\"application\/ld+json\" class=\"yoast-schema-graph\">{\"@context\":\"https:\\\/\\\/schema.org\",\"@graph\":[{\"@type\":\"WebPage\",\"@id\":\"https:\\\/\\\/thesmallprojects.org\\\/volontaire\\\/\",\"url\":\"https:\\\/\\\/thesmallprojects.org\\\/volontaire\\\/\",\"name\":\"Rejoignez la \u00ab\u00a0Team\u00a0\u00bb - The Small Projects Team\",\"isPartOf\":{\"@id\":\"https:\\\/\\\/thesmallprojects.org\\\/#website\"},\"primaryImageOfPage\":{\"@id\":\"https:\\\/\\\/thesmallprojects.org\\\/volontaire\\\/#primaryimage\"},\"image\":{\"@id\":\"https:\\\/\\\/thesmallprojects.org\\\/volontaire\\\/#primaryimage\"},\"thumbnailUrl\":\"http:\\\/\\\/layerdrops.com\\\/pifoxenwp\\\/wp-content\\\/uploads\\\/2022\\\/02\\\/become-volunteer-img-1.jpg\",\"datePublished\":\"2022-02-09T14:42:51+00:00\",\"dateModified\":\"2023-04-07T19:00:10+00:00\",\"breadcrumb\":{\"@id\":\"https:\\\/\\\/thesmallprojects.org\\\/volontaire\\\/#breadcrumb\"},\"inLanguage\":\"uk\",\"potentialAction\":[{\"@type\":\"ReadAction\",\"target\":[\"https:\\\/\\\/thesmallprojects.org\\\/volontaire\\\/\"]}]},{\"@type\":\"ImageObject\",\"inLanguage\":\"uk\",\"@id\":\"https:\\\/\\\/thesmallprojects.org\\\/volontaire\\\/#primaryimage\",\"url\":\"http:\\\/\\\/layerdrops.com\\\/pifoxenwp\\\/wp-content\\\/uploads\\\/2022\\\/02\\\/become-volunteer-img-1.jpg\",\"contentUrl\":\"http:\\\/\\\/layerdrops.com\\\/pifoxenwp\\\/wp-content\\\/uploads\\\/2022\\\/02\\\/become-volunteer-img-1.jpg\"},{\"@type\":\"BreadcrumbList\",\"@id\":\"https:\\\/\\\/thesmallprojects.org\\\/volontaire\\\/#breadcrumb\",\"itemListElement\":[{\"@type\":\"ListItem\",\"position\":1,\"name\":\"Accueil\",\"item\":\"https:\\\/\\\/thesmallprojects.org\\\/\"},{\"@type\":\"ListItem\",\"position\":2,\"name\":\"Rejoignez la \u00ab\u00a0Team\u00a0\u00bb\"}]},{\"@type\":\"WebSite\",\"@id\":\"https:\\\/\\\/thesmallprojects.org\\\/#website\",\"url\":\"https:\\\/\\\/thesmallprojects.org\\\/\",\"name\":\"The Small Projects Team\",\"description\":\"MIcro-Humanitarian impact\",\"publisher\":{\"@id\":\"https:\\\/\\\/thesmallprojects.org\\\/#organization\"},\"potentialAction\":[{\"@type\":\"SearchAction\",\"target\":{\"@type\":\"EntryPoint\",\"urlTemplate\":\"https:\\\/\\\/thesmallprojects.org\\\/?s={search_term_string}\"},\"query-input\":{\"@type\":\"PropertyValueSpecification\",\"valueRequired\":true,\"valueName\":\"search_term_string\"}}],\"inLanguage\":\"uk\"},{\"@type\":\"Organization\",\"@id\":\"https:\\\/\\\/thesmallprojects.org\\\/#organization\",\"name\":\"The Small Projects Team\",\"url\":\"https:\\\/\\\/thesmallprojects.org\\\/\",\"logo\":{\"@type\":\"ImageObject\",\"inLanguage\":\"uk\",\"@id\":\"https:\\\/\\\/thesmallprojects.org\\\/#\\\/schema\\\/logo\\\/image\\\/\",\"url\":\"https:\\\/\\\/thesmallprojects.org\\\/wp-content\\\/uploads\\\/2022\\\/02\\\/Logo-small.gif\",\"contentUrl\":\"https:\\\/\\\/thesmallprojects.org\\\/wp-content\\\/uploads\\\/2022\\\/02\\\/Logo-small.gif\",\"width\":411,\"height\":198,\"caption\":\"The Small Projects Team\"},\"image\":{\"@id\":\"https:\\\/\\\/thesmallprojects.org\\\/#\\\/schema\\\/logo\\\/image\\\/\"}}]}<\/script>\n<!-- \/ Yoast SEO plugin. -->","yoast_head_json":{"title":"\u041f\u0440\u0438\u0454\u0434\u043d\u0443\u0439\u0442\u0435\u0441\u044c \u0434\u043e \u043a\u043e\u043c\u0430\u043d\u0434\u0438 - \u041a\u043e\u043c\u0430\u043d\u0434\u0430 \u043c\u0430\u043b\u0438\u0445 \u043f\u0440\u043e\u0435\u043a\u0442\u0456\u0432","robots":{"index":"index","follow":"follow","max-snippet":"max-snippet:-1","max-image-preview":"max-image-preview:large","max-video-preview":"max-video-preview:-1"},"canonical":"https:\/\/thesmallprojects.org\/uk\/\u0432\u043e\u043b\u043e\u043d\u0442\u0435\u0440\/","og_locale":"uk_UA","og_type":"article","og_title":"Rejoignez la \u00ab\u00a0Team\u00a0\u00bb - The Small Projects Team","og_description":"Crit\u00e8res de recherche Nous recherchons des personnes engag\u00e9es, et qualifi\u00e9es dans les domaines suivants : analyse de projet, lev\u00e9e de fonds, financement, gestion de r\u00e9seaux sociaux, sourcing de projets dans le monde entier. Nos langues de travail sont l&#8217;anglais, qui est notre langue commune de communication, et le fran\u00e7ais. Pour l&#8217;analyse et le sourcing de [&hellip;]","og_url":"https:\/\/thesmallprojects.org\/uk\/\u0432\u043e\u043b\u043e\u043d\u0442\u0435\u0440\/","og_site_name":"The Small Projects Team","article_modified_time":"2023-04-07T19:00:10+00:00","og_image":[{"url":"http:\/\/layerdrops.com\/pifoxenwp\/wp-content\/uploads\/2022\/02\/become-volunteer-img-1.jpg","type":"","width":"","height":""}],"twitter_card":"summary_large_image","twitter_misc":{"\u041f\u0440\u0438\u0431\u043b. \u0447\u0430\u0441 \u0447\u0438\u0442\u0430\u043d\u043d\u044f":"1 \u0445\u0432\u0438\u043b\u0438\u043d\u0430"},"schema":{"@context":"https:\/\/schema.org","@graph":[{"@type":"WebPage","@id":"https:\/\/thesmallprojects.org\/volontaire\/","url":"https:\/\/thesmallprojects.org\/volontaire\/","name":"\u041f\u0440\u0438\u0454\u0434\u043d\u0443\u0439\u0442\u0435\u0441\u044c \u0434\u043e \u043a\u043e\u043c\u0430\u043d\u0434\u0438 - \u041a\u043e\u043c\u0430\u043d\u0434\u0430 \u043c\u0430\u043b\u0438\u0445 \u043f\u0440\u043e\u0435\u043a\u0442\u0456\u0432","isPartOf":{"@id":"https:\/\/thesmallprojects.org\/#website"},"primaryImageOfPage":{"@id":"https:\/\/thesmallprojects.org\/volontaire\/#primaryimage"},"image":{"@id":"https:\/\/thesmallprojects.org\/volontaire\/#primaryimage"},"thumbnailUrl":"http:\/\/layerdrops.com\/pifoxenwp\/wp-content\/uploads\/2022\/02\/become-volunteer-img-1.jpg","datePublished":"2022-02-09T14:42:51+00:00","dateModified":"2023-04-07T19:00:10+00:00","breadcrumb":{"@id":"https:\/\/thesmallprojects.org\/volontaire\/#breadcrumb"},"inLanguage":"uk","potentialAction":[{"@type":"ReadAction","target":["https:\/\/thesmallprojects.org\/volontaire\/"]}]},{"@type":"ImageObject","inLanguage":"uk","@id":"https:\/\/thesmallprojects.org\/volontaire\/#primaryimage","url":"http:\/\/layerdrops.com\/pifoxenwp\/wp-content\/uploads\/2022\/02\/become-volunteer-img-1.jpg","contentUrl":"http:\/\/layerdrops.com\/pifoxenwp\/wp-content\/uploads\/2022\/02\/become-volunteer-img-1.jpg"},{"@type":"BreadcrumbList","@id":"https:\/\/thesmallprojects.org\/volontaire\/#breadcrumb","itemListElement":[{"@type":"ListItem","position":1,"name":"Accueil","item":"https:\/\/thesmallprojects.org\/"},{"@type":"ListItem","position":2,"name":"Rejoignez la \u00ab\u00a0Team\u00a0\u00bb"}]},{"@type":"WebSite","@id":"https:\/\/thesmallprojects.org\/#website","url":"https:\/\/thesmallprojects.org\/","name":"\u041a\u043e\u043c\u0430\u043d\u0434\u0430 \u043c\u0430\u043b\u0438\u0445 \u043f\u0440\u043e\u0435\u043a\u0442\u0456\u0432","description":"\u041c\u0456\u043a\u0440\u043e\u0433\u0443\u043c\u0430\u043d\u0456\u0442\u0430\u0440\u043d\u0438\u0439 \u0432\u043f\u043b\u0438\u0432","publisher":{"@id":"https:\/\/thesmallprojects.org\/#organization"},"potentialAction":[{"@type":"SearchAction","target":{"@type":"EntryPoint","urlTemplate":"https:\/\/thesmallprojects.org\/?s={search_term_string}"},"query-input":{"@type":"PropertyValueSpecification","valueRequired":true,"valueName":"search_term_string"}}],"inLanguage":"uk"},{"@type":"Organization","@id":"https:\/\/thesmallprojects.org\/#organization","name":"\u041a\u043e\u043c\u0430\u043d\u0434\u0430 \u043c\u0430\u043b\u0438\u0445 \u043f\u0440\u043e\u0435\u043a\u0442\u0456\u0432","url":"https:\/\/thesmallprojects.org\/","logo":{"@type":"ImageObject","inLanguage":"uk","@id":"https:\/\/thesmallprojects.org\/#\/schema\/logo\/image\/","url":"https:\/\/thesmallprojects.org\/wp-content\/uploads\/2022\/02\/Logo-small.gif","contentUrl":"https:\/\/thesmallprojects.org\/wp-content\/uploads\/2022\/02\/Logo-small.gif","width":411,"height":198,"caption":"The Small Projects Team"},"image":{"@id":"https:\/\/thesmallprojects.org\/#\/schema\/logo\/image\/"}}]}},"rttpg_featured_image_url":null,"rttpg_author":{"display_name":"The Small Projects Team","author_link":"https:\/\/thesmallprojects.org\/uk\/author\/charles_tspf-org\/"},"rttpg_comment":0,"rttpg_category":null,"rttpg_excerpt":"Crit\u00e8res de recherche Nous recherchons des personnes engag\u00e9es, et qualifi\u00e9es dans les domaines suivants : analyse de projet, lev\u00e9e de fonds, financement, gestion de r\u00e9seaux sociaux, sourcing de projets dans le monde entier. Nos langues de travail sont l&#8217;anglais, qui est notre langue commune de communication, et le fran\u00e7ais. Pour l&#8217;analyse et le sourcing de&hellip;","_links":{"self":[{"href":"https:\/\/thesmallprojects.org\/uk\/wp-json\/wp\/v2\/pages\/37","targetHints":{"allow":["GET"]}}],"collection":[{"href":"https:\/\/thesmallprojects.org\/uk\/wp-json\/wp\/v2\/pages"}],"about":[{"href":"https:\/\/thesmallprojects.org\/uk\/wp-json\/wp\/v2\/types\/page"}],"author":[{"embeddable":true,"href":"https:\/\/thesmallprojects.org\/uk\/wp-json\/wp\/v2\/users\/1"}],"replies":[{"embeddable":true,"href":"https:\/\/thesmallprojects.org\/uk\/wp-json\/wp\/v2\/comments?post=37"}],"version-history":[{"count":0,"href":"https:\/\/thesmallprojects.org\/uk\/wp-json\/wp\/v2\/pages\/37\/revisions"}],"wp:attachment":[{"href":"https:\/\/thesmallprojects.org\/uk\/wp-json\/wp\/v2\/media?parent=37"}],"curies":[{"name":"wp","href":"https:\/\/api.w.org\/{rel}","templated":true}]}}