{"id":67,"date":"2022-02-09T14:49:02","date_gmt":"2022-02-09T14:49:02","guid":{"rendered":"https:\/\/layerdrops.com\/pifoxenwp\/?page_id=67"},"modified":"2025-11-21T14:48:30","modified_gmt":"2025-11-21T14:48:30","slug":"%d0%ba%d0%be%d0%bd%d1%82%d0%b0%d0%ba%d1%82","status":"publish","type":"page","link":"https:\/\/thesmallprojects.org\/uk\/contact\/","title":{"rendered":"\u041a\u043e\u043d\u0442\u0430\u043a\u0442\u0438"},"content":{"rendered":"<div data-elementor-type=\"wp-page\" data-elementor-id=\"67\" class=\"elementor elementor-67\" data-elementor-post-type=\"page\">\n\t\t\t\t\t\t<section class=\"elementor-section elementor-top-section elementor-element elementor-element-5786337 elementor-section-full_width elementor-section-height-default elementor-section-height-default\" data-id=\"5786337\" data-element_type=\"section\" data-e-type=\"section\">\n\t\t\t\t\t\t<div class=\"elementor-container elementor-column-gap-no\">\n\t\t\t\t\t<div class=\"elementor-column elementor-col-100 elementor-top-column elementor-element elementor-element-4906930\" data-id=\"4906930\" data-element_type=\"column\" data-e-type=\"column\">\n\t\t\t<div class=\"elementor-widget-wrap elementor-element-populated\">\n\t\t\t\t\t\t<div class=\"elementor-element elementor-element-17a2141 elementor-widget elementor-widget-pifoxen-contact-form\" data-id=\"17a2141\" data-element_type=\"widget\" data-e-type=\"widget\" data-widget_type=\"pifoxen-contact-form.default\">\n\t\t\t\t<div class=\"elementor-widget-container\">\n\t\t\t\t\t\r\n    <!--Contact Page Start-->\r\n    <section class=\"contact-page\">\r\n        <div class=\"container\">\r\n            <div class=\"row\">\r\n                <div class=\"col-xl-4 col-lg-5\">\r\n                    <div class=\"contact-page__left\">\r\n                                                    <div class=\"section-title text-left\">\r\n                                                                    <span class=\"section-title__tagline\">\u0437\u0432&#039;\u044f\u0436\u0456\u0442\u044c\u0441\u044f \u0437 \u043d\u0430\u043c\u0438<\/span>\r\n                                                                                                    <h2 class=\"section-title__title\">\u0414\u0430\u0432\u0430\u0439\u0442\u0435 \u0437\u043d\u0430\u0439\u043e\u043c\u0438\u0442\u0438\u0441\u044c!<\/h2>\r\n                                                            <\/div>\r\n                                                                            <p class=\"contact-page__text\">\u041a\u043e\u043c\u0430\u043d\u0434\u0430 \u043c\u0430\u043b\u0438\u0445 \u043f\u0440\u043e\u0435\u043a\u0442\u0456\u0432 \u0454 \u043d\u0435\u0437\u0430\u043b\u0435\u0436\u043d\u043e\u044e, \u043d\u0435\u043f\u043e\u043b\u0456\u0442\u0438\u0447\u043d\u043e\u044e \u0442\u0430 \u043d\u0435\u0440\u0435\u043b\u0456\u0433\u0456\u0439\u043d\u043e\u044e \u0433\u0443\u043c\u0430\u043d\u0456\u0442\u0430\u0440\u043d\u043e\u044e \u043e\u0440\u0433\u0430\u043d\u0456\u0437\u0430\u0446\u0456\u0454\u044e, \u0441\u0442\u0432\u043e\u0440\u0435\u043d\u043e\u044e \u0434\u043b\u044f \u0434\u043e\u043f\u043e\u043c\u043e\u0433\u0438 \u0446\u0438\u0432\u0456\u043b\u044c\u043d\u043e\u043c\u0443 \u043d\u0430\u0441\u0435\u043b\u0435\u043d\u043d\u044e \u0448\u043b\u044f\u0445\u043e\u043c \u0441\u0442\u0432\u043e\u0440\u0435\u043d\u043d\u044f \u0442\u0430 \u0444\u0456\u043d\u0430\u043d\u0441\u0443\u0432\u0430\u043d\u043d\u044f \u043c\u0456\u043a\u0440\u043e\u0433\u0443\u043c\u0430\u043d\u0456\u0442\u0430\u0440\u043d\u0438\u0445 \u043f\u0440\u043e\u0435\u043a\u0442\u0456\u0432.\n\n\n\u042f\u043a\u0449\u043e \u0432\u0438 \u0445\u043e\u0447\u0435\u0442\u0435 \u043f\u0440\u0438\u0454\u0434\u043d\u0430\u0442\u0438\u0441\u044f \u0434\u043e \u043d\u0430\u0441, \u0431\u0443\u0434\u044c \u043b\u0430\u0441\u043a\u0430 <a href=\"https:\/\/thesmallprojects.org\/uk\/%d0%b2%d0%be%d0%bb%d0%be%d0%bd%d1%82%d0%b5%d1%80\/\"><b>\u043d\u0430\u0442\u0438\u0441\u043d\u0456\u0442\u044c \u0442\u0443\u0442<\/b>.<\/a>\n<br><br><b>\u0422\u0435\u043b\u0435\u0444\u043e\u043d\u043d\u0456 \u043a\u043e\u043d\u0442\u0430\u043a\u0442\u0438:<\/b> <br>\n\ud83c\uddeb\ud83c\uddf7 +336 07172251 (Tel\/Telegram\/WhatsApp)<br>\ud83c\uddfa\ud83c\udde6 +380 67 318 5041 (WhatsApp)\n<br>&nbsp;<br>\n<b>\u0415\u043b\u0435\u043a\u0442\u0440\u043e\u043d\u043d\u0430 \u043f\u043e\u0448\u0442\u0430:<\/b>\n<a href=\"mailto:contact@thesmallprojects.org\">contact@thesmallprojects.org<\/a><\/p>\r\n                                                                            <div class=\"contact-page__social\">\r\n                                                                    <a target=\"_blank\" class=\"icon-svg\" href=\"https:\/\/www.facebook.com\/TheSmallProjects.org\">\r\n                                        <i aria-hidden=\"true\" class=\"fab fa-facebook-f\"><\/i>                                    <\/a>\r\n                                                                    <a target=\"_blank\" class=\"icon-svg\" href=\"https:\/\/www.instagram.com\/thesmallprojectsteam\/\">\r\n                                        <i aria-hidden=\"true\" class=\"fab fa-instagram\"><\/i>                                    <\/a>\r\n                                                                    <a target=\"_blank\" class=\"icon-svg\" href=\"https:\/\/www.linkedin.com\/company\/the-small-projects-team\/\">\r\n                                        <i aria-hidden=\"true\" class=\"fab fa-linkedin-in\"><\/i>                                    <\/a>\r\n                                                            <\/div>\r\n                                            <\/div>\r\n                <\/div>\r\n                <div class=\"col-xl-8 col-lg-7\">\r\n                    <div class=\"contact-page__right\">\r\n                                                    <div class=\"wpcf7 no-js\" id=\"wpcf7-f284-o1\" lang=\"en-US\" dir=\"ltr\" data-wpcf7-id=\"284\">\n<div class=\"screen-reader-response\">\n<p role=\"status\" aria-live=\"polite\" aria-atomic=\"true\">\n<ul><\/ul>\n<\/div>\n<form action=\"\/uk\/wp-json\/wp\/v2\/pages\/67#wpcf7-f284-o1\" method=\"post\" class=\"wpcf7-form init\" aria-label=\"\u041a\u043e\u043d\u0442\u0430\u043a\u0442\u043d\u0430 \u0444\u043e\u0440\u043c\u0430\" novalidate=\"novalidate\" data-status=\"init\" data-trp-original-action=\"\/uk\/wp-json\/wp\/v2\/pages\/67#wpcf7-f284-o1\">\n<fieldset class=\"hidden-fields-container\"><input type=\"hidden\" name=\"_wpcf7\" value=\"284\" \/><input type=\"hidden\" name=\"_wpcf7_version\" value=\"6.1.5\" \/><input type=\"hidden\" name=\"_wpcf7_locale\" value=\"en_US\" \/><input type=\"hidden\" name=\"_wpcf7_unit_tag\" value=\"wpcf7-f284-o1\" \/><input type=\"hidden\" name=\"_wpcf7_container_post\" value=\"0\" \/><input type=\"hidden\" name=\"_wpcf7_posted_data_hash\" value=\"\" \/>\n<\/fieldset>\n<div class=\"become-volunteer__form\">\n<div class=\"row\">\n<div class=\"col-xl-12\">\n<div class=\"become-volunteer__input\">\n<p><span class=\"wpcf7-form-control-wrap\" data-name=\"your-name\"><input size=\"40\" maxlength=\"400\" class=\"wpcf7-form-control wpcf7-text wpcf7-validates-as-required\" aria-required=\"true\" aria-invalid=\"false\" placeholder=\"\u0422\u0432\u043e\u0454 \u0456\u043c&#039;\u044f\" value=\"\" type=\"text\" name=\"your-name\" \/><\/span>\n\t\t\t\t<\/p>\n<\/p><\/div>\n<\/p><\/div>\n<div class=\"col-xl-12\">\n<div class=\"become-volunteer__input\">\n<p><span class=\"wpcf7-form-control-wrap\" data-name=\"your-email\"><input size=\"40\" maxlength=\"400\" class=\"wpcf7-form-control wpcf7-email wpcf7-validates-as-required wpcf7-text wpcf7-validates-as-email\" aria-required=\"true\" aria-invalid=\"false\" placeholder=\"\u0410\u0434\u0440\u0435\u0441\u0430 \u0435\u043b\u0435\u043a\u0442\u0440\u043e\u043d\u043d\u043e\u0457 \u043f\u043e\u0448\u0442\u0438\" value=\"\" type=\"email\" name=\"your-email\" \/><\/span>\n\t\t\t\t<\/p>\n<\/p><\/div>\n<\/p><\/div>\n<div class=\"col-xl-12\">\n<div class=\"become-volunteer__input\">\n<p><span class=\"wpcf7-form-control-wrap\" data-name=\"your-phone\"><input size=\"40\" maxlength=\"400\" class=\"wpcf7-form-control wpcf7-text wpcf7-validates-as-required\" aria-required=\"true\" aria-invalid=\"false\" placeholder=\"\u0422\u0435\u043b\u0435\u0444\u043e\u043d\" value=\"\" type=\"text\" name=\"your-phone\" \/><\/span>\n\t\t\t\t<\/p>\n<\/p><\/div>\n<\/p><\/div>\n<div class=\"col-xl-12\">\n<div class=\"become-volunteer__input\">\n<p><span class=\"wpcf7-form-control-wrap\" data-name=\"your-country\"><input size=\"40\" maxlength=\"400\" class=\"wpcf7-form-control wpcf7-text\" aria-invalid=\"false\" placeholder=\"\u041a\u0440\u0430\u0457\u043d\u0430\" value=\"\" type=\"text\" name=\"your-country\" \/><\/span>\n\t\t\t\t<\/p>\n<\/p><\/div>\n<\/p><\/div>\n<div class=\"col-xl-6\">\n<div class=\"become-volunteer__input\">\n<p><span class=\"wpcf7-form-control-wrap\" data-name=\"your-date\"><input size=\"40\" maxlength=\"400\" class=\"wpcf7-form-control wpcf7-text\" aria-invalid=\"false\" placeholder=\"\u0414\u0430\u0442\u0430 \u043d\u0430\u0440\u043e\u0434\u0436\u0435\u043d\u043d\u044f\" value=\"\" type=\"text\" name=\"your-date\" \/><\/span>\n\t\t\t\t<\/p>\n<\/p><\/div>\n<\/p><\/div>\n<div class=\"col-xl-6\">\n<div class=\"become-volunteer__input\">\n<p><span class=\"wpcf7-form-control-wrap\" data-name=\"your-occupation\"><input size=\"40\" maxlength=\"400\" class=\"wpcf7-form-control wpcf7-text\" aria-invalid=\"false\" placeholder=\"\u041f\u0440\u043e\u0444\u0435\u0441\u0456\u0439\u043d\u0430 \u0434\u0456\u044f\u043b\u044c\u043d\u0456\u0441\u0442\u044c\" value=\"\" type=\"text\" name=\"your-occupation\" \/><\/span>\n\t\t\t\t<\/p>\n<\/p><\/div>\n<\/p><\/div>\n<div class=\"col-xl-12\">\n<div class=\"become-volunteer__input become-volunteer__message-box\">\n<p><span class=\"wpcf7-form-control-wrap\" data-name=\"your-message\"><textarea cols=\"40\" rows=\"10\" maxlength=\"2000\" class=\"wpcf7-form-control wpcf7-textarea\" aria-invalid=\"false\" placeholder=\"\u041f\u0440\u0435\u0434\u0441\u0442\u0430\u0432\u0442\u0435\u0441\u044f, \u0431\u0443\u0434\u044c \u043b\u0430\u0441\u043a\u0430\" name=\"your-message\"><\/textarea><\/span>\n\t\t\t\t<\/p>\n<\/p><\/div>\n<div class=\"become-volunteer__btn-box\">\n<p><button type=\"submit\" class=\"thm-btn become-volunteer__btn\">\u041d\u0430\u0434\u0456\u0441\u043b\u0430\u0442\u0438<\/button>\n\t\t\t\t<\/p>\n<\/p><\/div>\n<\/p><\/div>\n<\/p><\/div>\n<\/div>\n<p style=\"display: none !important;\" class=\"akismet-fields-container\" data-prefix=\"_wpcf7_ak_\"><label>\u0394<textarea name=\"_wpcf7_ak_hp_textarea\" cols=\"45\" rows=\"8\" maxlength=\"100\"><\/textarea><\/label><input type=\"hidden\" id=\"ak_js_1\" name=\"_wpcf7_ak_js\" value=\"36\"\/><script>document.getElementById( \"ak_js_1\" ).setAttribute( \"value\", ( new Date() ).getTime() );<\/script><\/p>\n<div class=\"wpcf7-response-output\" aria-hidden=\"true\"><\/div>\n<input type=\"hidden\" name=\"trp-form-language\" value=\"uk\"\/><\/form>\n<\/div>\n                                            <\/div>\r\n                <\/div>\r\n            <\/div>\r\n        <\/div>\r\n    <\/section>\r\n    <!--Contact Page End-->\r\n\r\n\t\t\t\t<\/div>\n\t\t\t\t<\/div>\n\t\t\t\t\t<\/div>\n\t\t<\/div>\n\t\t\t\t\t<\/div>\n\t\t<\/section>\n\t\t\t\t<\/div>","protected":false},"excerpt":{"rendered":"<p>Contactez-nous Faisons connaissance ! The Small Projects Team est une association humanitaire ind\u00e9pendante, non politique et non religieuse, cr\u00e9\u00e9e pour venir en aide aux populations civiles en cr\u00e9ant et finan\u00e7ant des projets micro-humanitaires. Si vous souhaitez nous rejoindre, veuillez cliquer ici. Contacts t\u00e9l\u00e9phoniques : \ud83c\uddeb\ud83c\uddf7 +336 07172251 (Tel\/Telegram\/WhatsApp)\ud83c\uddfa\ud83c\udde6 +380 67 318 5041 (WhatsApp) &nbsp; Email [&hellip;]<\/p>\n","protected":false},"author":1,"featured_media":0,"parent":0,"menu_order":0,"comment_status":"closed","ping_status":"closed","template":"elementor_header_footer","meta":{"footnotes":""},"class_list":["post-67","page","type-page","status-publish","hentry"],"yoast_head":"<!-- This site is optimized with the Yoast SEO plugin v27.4 - https:\/\/yoast.com\/product\/yoast-seo-wordpress\/ -->\n<title>Contact - The Small Projects Team<\/title>\n<meta name=\"robots\" content=\"index, follow, max-snippet:-1, max-image-preview:large, max-video-preview:-1\" \/>\n<link rel=\"canonical\" href=\"https:\/\/thesmallprojects.org\/uk\/\u043a\u043e\u043d\u0442\u0430\u043a\u0442\/\" \/>\n<meta property=\"og:locale\" content=\"uk_UA\" \/>\n<meta property=\"og:type\" content=\"article\" \/>\n<meta property=\"og:title\" content=\"Contact - The Small Projects Team\" \/>\n<meta property=\"og:description\" content=\"Contactez-nous Faisons connaissance ! The Small Projects Team est une association humanitaire ind\u00e9pendante, non politique et non religieuse, cr\u00e9\u00e9e pour venir en aide aux populations civiles en cr\u00e9ant et finan\u00e7ant des projets micro-humanitaires. Si vous souhaitez nous rejoindre, veuillez cliquer ici. Contacts t\u00e9l\u00e9phoniques : \ud83c\uddeb\ud83c\uddf7 +336 07172251 (Tel\/Telegram\/WhatsApp)\ud83c\uddfa\ud83c\udde6 +380 67 318 5041 (WhatsApp) &nbsp; Email [&hellip;]\" \/>\n<meta property=\"og:url\" content=\"https:\/\/thesmallprojects.org\/uk\/\u043a\u043e\u043d\u0442\u0430\u043a\u0442\/\" \/>\n<meta property=\"og:site_name\" content=\"The Small Projects Team\" \/>\n<meta property=\"article:modified_time\" content=\"2025-11-21T14:48:30+00:00\" \/>\n<meta property=\"og:image\" content=\"https:\/\/thesmallprojects.org\/wp-content\/uploads\/2023\/05\/NEW-Logo-haute-def-baseline-copie.png\" \/>\n\t<meta property=\"og:image:width\" content=\"1000\" \/>\n\t<meta property=\"og:image:height\" content=\"549\" \/>\n\t<meta property=\"og:image:type\" content=\"image\/png\" \/>\n<meta name=\"twitter:card\" content=\"summary_large_image\" \/>\n<meta name=\"twitter:label1\" content=\"\u041f\u0440\u0438\u0431\u043b. \u0447\u0430\u0441 \u0447\u0438\u0442\u0430\u043d\u043d\u044f\" \/>\n\t<meta name=\"twitter:data1\" content=\"1 \u0445\u0432\u0438\u043b\u0438\u043d\u0430\" \/>\n<script type=\"application\/ld+json\" class=\"yoast-schema-graph\">{\"@context\":\"https:\\\/\\\/schema.org\",\"@graph\":[{\"@type\":\"WebPage\",\"@id\":\"https:\\\/\\\/thesmallprojects.org\\\/contact\\\/\",\"url\":\"https:\\\/\\\/thesmallprojects.org\\\/contact\\\/\",\"name\":\"Contact - The Small Projects Team\",\"isPartOf\":{\"@id\":\"https:\\\/\\\/thesmallprojects.org\\\/#website\"},\"datePublished\":\"2022-02-09T14:49:02+00:00\",\"dateModified\":\"2025-11-21T14:48:30+00:00\",\"breadcrumb\":{\"@id\":\"https:\\\/\\\/thesmallprojects.org\\\/contact\\\/#breadcrumb\"},\"inLanguage\":\"uk\",\"potentialAction\":[{\"@type\":\"ReadAction\",\"target\":[\"https:\\\/\\\/thesmallprojects.org\\\/contact\\\/\"]}]},{\"@type\":\"BreadcrumbList\",\"@id\":\"https:\\\/\\\/thesmallprojects.org\\\/contact\\\/#breadcrumb\",\"itemListElement\":[{\"@type\":\"ListItem\",\"position\":1,\"name\":\"Accueil\",\"item\":\"https:\\\/\\\/thesmallprojects.org\\\/\"},{\"@type\":\"ListItem\",\"position\":2,\"name\":\"Contact\"}]},{\"@type\":\"WebSite\",\"@id\":\"https:\\\/\\\/thesmallprojects.org\\\/#website\",\"url\":\"https:\\\/\\\/thesmallprojects.org\\\/\",\"name\":\"The Small Projects Team\",\"description\":\"MIcro-Humanitarian impact\",\"publisher\":{\"@id\":\"https:\\\/\\\/thesmallprojects.org\\\/#organization\"},\"potentialAction\":[{\"@type\":\"SearchAction\",\"target\":{\"@type\":\"EntryPoint\",\"urlTemplate\":\"https:\\\/\\\/thesmallprojects.org\\\/?s={search_term_string}\"},\"query-input\":{\"@type\":\"PropertyValueSpecification\",\"valueRequired\":true,\"valueName\":\"search_term_string\"}}],\"inLanguage\":\"uk\"},{\"@type\":\"Organization\",\"@id\":\"https:\\\/\\\/thesmallprojects.org\\\/#organization\",\"name\":\"The Small Projects Team\",\"url\":\"https:\\\/\\\/thesmallprojects.org\\\/\",\"logo\":{\"@type\":\"ImageObject\",\"inLanguage\":\"uk\",\"@id\":\"https:\\\/\\\/thesmallprojects.org\\\/#\\\/schema\\\/logo\\\/image\\\/\",\"url\":\"https:\\\/\\\/thesmallprojects.org\\\/wp-content\\\/uploads\\\/2022\\\/02\\\/Logo-small.gif\",\"contentUrl\":\"https:\\\/\\\/thesmallprojects.org\\\/wp-content\\\/uploads\\\/2022\\\/02\\\/Logo-small.gif\",\"width\":411,\"height\":198,\"caption\":\"The Small Projects Team\"},\"image\":{\"@id\":\"https:\\\/\\\/thesmallprojects.org\\\/#\\\/schema\\\/logo\\\/image\\\/\"}}]}<\/script>\n<!-- \/ Yoast SEO plugin. -->","yoast_head_json":{"title":"\u041a\u043e\u043d\u0442\u0430\u043a\u0442\u0438 - \u041a\u043e\u043c\u0430\u043d\u0434\u0430 \u043c\u0430\u043b\u0438\u0445 \u043f\u0440\u043e\u0435\u043a\u0442\u0456\u0432","robots":{"index":"index","follow":"follow","max-snippet":"max-snippet:-1","max-image-preview":"max-image-preview:large","max-video-preview":"max-video-preview:-1"},"canonical":"https:\/\/thesmallprojects.org\/uk\/\u043a\u043e\u043d\u0442\u0430\u043a\u0442\/","og_locale":"uk_UA","og_type":"article","og_title":"Contact - The Small Projects Team","og_description":"Contactez-nous Faisons connaissance ! The Small Projects Team est une association humanitaire ind\u00e9pendante, non politique et non religieuse, cr\u00e9\u00e9e pour venir en aide aux populations civiles en cr\u00e9ant et finan\u00e7ant des projets micro-humanitaires. Si vous souhaitez nous rejoindre, veuillez cliquer ici. Contacts t\u00e9l\u00e9phoniques : \ud83c\uddeb\ud83c\uddf7 +336 07172251 (Tel\/Telegram\/WhatsApp)\ud83c\uddfa\ud83c\udde6 +380 67 318 5041 (WhatsApp) &nbsp; Email [&hellip;]","og_url":"https:\/\/thesmallprojects.org\/uk\/\u043a\u043e\u043d\u0442\u0430\u043a\u0442\/","og_site_name":"The Small Projects Team","article_modified_time":"2025-11-21T14:48:30+00:00","og_image":[{"width":1000,"height":549,"url":"https:\/\/thesmallprojects.org\/wp-content\/uploads\/2023\/05\/NEW-Logo-haute-def-baseline-copie.png","type":"image\/png"}],"twitter_card":"summary_large_image","twitter_misc":{"\u041f\u0440\u0438\u0431\u043b. \u0447\u0430\u0441 \u0447\u0438\u0442\u0430\u043d\u043d\u044f":"1 \u0445\u0432\u0438\u043b\u0438\u043d\u0430"},"schema":{"@context":"https:\/\/schema.org","@graph":[{"@type":"WebPage","@id":"https:\/\/thesmallprojects.org\/contact\/","url":"https:\/\/thesmallprojects.org\/contact\/","name":"\u041a\u043e\u043d\u0442\u0430\u043a\u0442\u0438 - \u041a\u043e\u043c\u0430\u043d\u0434\u0430 \u043c\u0430\u043b\u0438\u0445 \u043f\u0440\u043e\u0435\u043a\u0442\u0456\u0432","isPartOf":{"@id":"https:\/\/thesmallprojects.org\/#website"},"datePublished":"2022-02-09T14:49:02+00:00","dateModified":"2025-11-21T14:48:30+00:00","breadcrumb":{"@id":"https:\/\/thesmallprojects.org\/contact\/#breadcrumb"},"inLanguage":"uk","potentialAction":[{"@type":"ReadAction","target":["https:\/\/thesmallprojects.org\/contact\/"]}]},{"@type":"BreadcrumbList","@id":"https:\/\/thesmallprojects.org\/contact\/#breadcrumb","itemListElement":[{"@type":"ListItem","position":1,"name":"Accueil","item":"https:\/\/thesmallprojects.org\/"},{"@type":"ListItem","position":2,"name":"Contact"}]},{"@type":"WebSite","@id":"https:\/\/thesmallprojects.org\/#website","url":"https:\/\/thesmallprojects.org\/","name":"\u041a\u043e\u043c\u0430\u043d\u0434\u0430 \u043c\u0430\u043b\u0438\u0445 \u043f\u0440\u043e\u0435\u043a\u0442\u0456\u0432","description":"\u041c\u0456\u043a\u0440\u043e\u0433\u0443\u043c\u0430\u043d\u0456\u0442\u0430\u0440\u043d\u0438\u0439 \u0432\u043f\u043b\u0438\u0432","publisher":{"@id":"https:\/\/thesmallprojects.org\/#organization"},"potentialAction":[{"@type":"SearchAction","target":{"@type":"EntryPoint","urlTemplate":"https:\/\/thesmallprojects.org\/?s={search_term_string}"},"query-input":{"@type":"PropertyValueSpecification","valueRequired":true,"valueName":"search_term_string"}}],"inLanguage":"uk"},{"@type":"Organization","@id":"https:\/\/thesmallprojects.org\/#organization","name":"\u041a\u043e\u043c\u0430\u043d\u0434\u0430 \u043c\u0430\u043b\u0438\u0445 \u043f\u0440\u043e\u0435\u043a\u0442\u0456\u0432","url":"https:\/\/thesmallprojects.org\/","logo":{"@type":"ImageObject","inLanguage":"uk","@id":"https:\/\/thesmallprojects.org\/#\/schema\/logo\/image\/","url":"https:\/\/thesmallprojects.org\/wp-content\/uploads\/2022\/02\/Logo-small.gif","contentUrl":"https:\/\/thesmallprojects.org\/wp-content\/uploads\/2022\/02\/Logo-small.gif","width":411,"height":198,"caption":"The Small Projects Team"},"image":{"@id":"https:\/\/thesmallprojects.org\/#\/schema\/logo\/image\/"}}]}},"rttpg_featured_image_url":null,"rttpg_author":{"display_name":"The Small Projects Team","author_link":"https:\/\/thesmallprojects.org\/uk\/author\/charles_tspf-org\/"},"rttpg_comment":0,"rttpg_category":null,"rttpg_excerpt":"Contactez-nous Faisons connaissance ! The Small Projects Team est une association humanitaire ind\u00e9pendante, non politique et non religieuse, cr\u00e9\u00e9e pour venir en aide aux populations civiles en cr\u00e9ant et finan\u00e7ant des projets micro-humanitaires. Si vous souhaitez nous rejoindre, veuillez cliquer ici. Contacts t\u00e9l\u00e9phoniques : \ud83c\uddeb\ud83c\uddf7 +336 07172251 (Tel\/Telegram\/WhatsApp)\ud83c\uddfa\ud83c\udde6 +380 67 318 5041 (WhatsApp) &nbsp; Email&hellip;","_links":{"self":[{"href":"https:\/\/thesmallprojects.org\/uk\/wp-json\/wp\/v2\/pages\/67","targetHints":{"allow":["GET"]}}],"collection":[{"href":"https:\/\/thesmallprojects.org\/uk\/wp-json\/wp\/v2\/pages"}],"about":[{"href":"https:\/\/thesmallprojects.org\/uk\/wp-json\/wp\/v2\/types\/page"}],"author":[{"embeddable":true,"href":"https:\/\/thesmallprojects.org\/uk\/wp-json\/wp\/v2\/users\/1"}],"replies":[{"embeddable":true,"href":"https:\/\/thesmallprojects.org\/uk\/wp-json\/wp\/v2\/comments?post=67"}],"version-history":[{"count":0,"href":"https:\/\/thesmallprojects.org\/uk\/wp-json\/wp\/v2\/pages\/67\/revisions"}],"wp:attachment":[{"href":"https:\/\/thesmallprojects.org\/uk\/wp-json\/wp\/v2\/media?parent=67"}],"curies":[{"name":"wp","href":"https:\/\/api.w.org\/{rel}","templated":true}]}}